{"id":1659,"date":"2018-01-23T10:38:06","date_gmt":"2018-01-23T10:38:06","guid":{"rendered":"https:\/\/bendalis.com\/aktuelles\/"},"modified":"2018-01-23T13:56:10","modified_gmt":"2018-01-23T13:56:10","slug":"aktuelles","status":"publish","type":"page","link":"https:\/\/bendalis.com\/de\/aktuelles\/","title":{"rendered":"Aktuelles"},"content":{"rendered":"\t\t<div data-elementor-type=\"wp-post\" data-elementor-id=\"1659\" class=\"elementor elementor-1659 elementor-283 elementor-bc-flex-widget\" data-elementor-post-type=\"page\">\n\t\t\t\t\t\t<section class=\"elementor-section elementor-top-section elementor-element elementor-element-1plozf0 elementor-section-boxed elementor-section-height-default elementor-section-height-default\" data-id=\"1plozf0\" data-element_type=\"section\">\n\t\t\t\t\t\t<div class=\"elementor-container elementor-column-gap-default\">\n\t\t\t\t\t<div class=\"elementor-column elementor-col-100 elementor-top-column elementor-element elementor-element-z3zf53a\" data-id=\"z3zf53a\" data-element_type=\"column\">\n\t\t\t<div class=\"elementor-widget-wrap elementor-element-populated\">\n\t\t\t\t\t\t<div class=\"elementor-element elementor-element-djpiai4 elementor-grid-3 elementor-grid-tablet-2 elementor-grid-mobile-1 elementor-posts--thumbnail-top elementor-card-shadow-yes elementor-posts__hover-gradient elementor-widget elementor-widget-posts\" data-id=\"djpiai4\" data-element_type=\"widget\" data-settings=\"{&quot;pagination_type&quot;:&quot;numbers&quot;,&quot;cards_row_gap&quot;:{&quot;unit&quot;:&quot;px&quot;,&quot;size&quot;:15,&quot;sizes&quot;:[]},&quot;cards_columns&quot;:&quot;3&quot;,&quot;cards_columns_tablet&quot;:&quot;2&quot;,&quot;cards_columns_mobile&quot;:&quot;1&quot;,&quot;cards_row_gap_tablet&quot;:{&quot;unit&quot;:&quot;px&quot;,&quot;size&quot;:&quot;&quot;,&quot;sizes&quot;:[]},&quot;cards_row_gap_mobile&quot;:{&quot;unit&quot;:&quot;px&quot;,&quot;size&quot;:&quot;&quot;,&quot;sizes&quot;:[]}}\" data-widget_type=\"posts.cards\">\n\t\t\t\t<div class=\"elementor-widget-container\">\n\t\t\t\t\t\t\t<div class=\"elementor-posts-container elementor-posts elementor-posts--skin-cards elementor-grid\" role=\"list\">\n\t\t\t\t<article class=\"elementor-post elementor-grid-item post-2156 post type-post status-publish format-standard has-post-thumbnail hentry category-aktuelles tag-bendalis tag-bendalis-gmbh-2 tag-inresa-2 tag-somatostatin-2 tag-somatostatin-3mg-2 tag-somatostatin-acetat tag-somatostatin-lyomark-3mg-2 generate-columns tablet-grid-50 mobile-grid-100 grid-parent grid-33\" role=\"listitem\">\n\t\t\t<div class=\"elementor-post__card\">\n\t\t\t\t<a class=\"elementor-post__thumbnail__link\" href=\"https:\/\/bendalis.com\/de\/somatostatin-lyomark-3-mg_inresa_bendalis\/\" tabindex=\"-1\" ><div class=\"elementor-post__thumbnail\"><img fetchpriority=\"high\" decoding=\"async\" width=\"768\" height=\"432\" src=\"https:\/\/bendalis.com\/site\/wp-content\/uploads\/Somatostatin-links_RGB-768x432.jpg\" class=\"attachment-medium_large size-medium_large wp-image-2183\" alt=\"\" srcset=\"https:\/\/bendalis.com\/site\/wp-content\/uploads\/Somatostatin-links_RGB-768x432.jpg 768w, https:\/\/bendalis.com\/site\/wp-content\/uploads\/Somatostatin-links_RGB-300x169.jpg 300w, https:\/\/bendalis.com\/site\/wp-content\/uploads\/Somatostatin-links_RGB-1024x576.jpg 1024w, https:\/\/bendalis.com\/site\/wp-content\/uploads\/Somatostatin-links_RGB-1536x864.jpg 1536w, https:\/\/bendalis.com\/site\/wp-content\/uploads\/Somatostatin-links_RGB.jpg 1920w\" sizes=\"(max-width: 768px) 100vw, 768px\" \/><\/div><\/a>\n\t\t\t\t<div class=\"elementor-post__text\">\n\t\t\t\t<h3 class=\"elementor-post__title\">\n\t\t\t<a href=\"https:\/\/bendalis.com\/de\/somatostatin-lyomark-3-mg_inresa_bendalis\/\" >\n\t\t\t\tSomatostatin Lyomark 3 mg: Vertriebspartnerschaft mit Inresa Arzneimittel\t\t\t<\/a>\n\t\t<\/h3>\n\t\t\t\t<\/div>\n\t\t\t\t<div class=\"elementor-post__meta-data\">\n\t\t\t\t\t<span class=\"elementor-post-date\">\n\t\t\t08\/12\/2023\t\t<\/span>\n\t\t\t\t<\/div>\n\t\t\t\t\t<\/div>\n\t\t<\/article>\n\t\t\t\t<article class=\"elementor-post elementor-grid-item post-2072 post type-post status-publish format-standard has-post-thumbnail hentry category-aktuelles generate-columns tablet-grid-50 mobile-grid-100 grid-parent grid-33\" role=\"listitem\">\n\t\t\t<div class=\"elementor-post__card\">\n\t\t\t\t<a class=\"elementor-post__thumbnail__link\" href=\"https:\/\/bendalis.com\/de\/wechsel-in-der-geschaeftsfuehrung-bei-der-bendalis-gmbh-und-lyomark-pharma-gmbh-2\/\" tabindex=\"-1\" ><div class=\"elementor-post__thumbnail\"><img decoding=\"async\" width=\"250\" height=\"104\" src=\"https:\/\/bendalis.com\/site\/wp-content\/uploads\/Bendalis_Logo_klein.jpg\" class=\"attachment-medium_large size-medium_large wp-image-1952\" alt=\"\" \/><\/div><\/a>\n\t\t\t\t<div class=\"elementor-post__text\">\n\t\t\t\t<h3 class=\"elementor-post__title\">\n\t\t\t<a href=\"https:\/\/bendalis.com\/de\/wechsel-in-der-geschaeftsfuehrung-bei-der-bendalis-gmbh-und-lyomark-pharma-gmbh-2\/\" >\n\t\t\t\tWechsel in der Gesch\u00e4ftsf\u00fchrung bei der Bendalis GmbH und Lyomark Pharma GmbH\t\t\t<\/a>\n\t\t<\/h3>\n\t\t\t\t<\/div>\n\t\t\t\t<div class=\"elementor-post__meta-data\">\n\t\t\t\t\t<span class=\"elementor-post-date\">\n\t\t\t11\/04\/2022\t\t<\/span>\n\t\t\t\t<\/div>\n\t\t\t\t\t<\/div>\n\t\t<\/article>\n\t\t\t\t<article class=\"elementor-post elementor-grid-item post-2045 post type-post status-publish format-standard has-post-thumbnail hentry category-aktuelles generate-columns tablet-grid-50 mobile-grid-100 grid-parent grid-33\" role=\"listitem\">\n\t\t\t<div class=\"elementor-post__card\">\n\t\t\t\t<a class=\"elementor-post__thumbnail__link\" href=\"https:\/\/bendalis.com\/de\/wechsel-in-der-geschaeftsfuehrung-bei-der-bendalis-gmbh-und-lyomark-pharma-gmbh\/\" tabindex=\"-1\" ><div class=\"elementor-post__thumbnail\"><img decoding=\"async\" width=\"250\" height=\"104\" src=\"https:\/\/bendalis.com\/site\/wp-content\/uploads\/Bendalis_Logo_klein.jpg\" class=\"attachment-medium_large size-medium_large wp-image-1952\" alt=\"\" \/><\/div><\/a>\n\t\t\t\t<div class=\"elementor-post__text\">\n\t\t\t\t<h3 class=\"elementor-post__title\">\n\t\t\t<a href=\"https:\/\/bendalis.com\/de\/wechsel-in-der-geschaeftsfuehrung-bei-der-bendalis-gmbh-und-lyomark-pharma-gmbh\/\" >\n\t\t\t\tWechsel in der Gesch\u00e4ftsf\u00fchrung bei der Bendalis GmbH und Lyomark Pharma GmbH\t\t\t<\/a>\n\t\t<\/h3>\n\t\t\t\t<\/div>\n\t\t\t\t<div class=\"elementor-post__meta-data\">\n\t\t\t\t\t<span class=\"elementor-post-date\">\n\t\t\t21\/09\/2021\t\t<\/span>\n\t\t\t\t<\/div>\n\t\t\t\t\t<\/div>\n\t\t<\/article>\n\t\t\t\t<article class=\"elementor-post elementor-grid-item post-1940 post type-post status-publish format-standard has-post-thumbnail hentry category-aktuelles tag-bendalis-gmbh tag-clinical-trial tag-inceptua generate-columns tablet-grid-50 mobile-grid-100 grid-parent grid-33\" role=\"listitem\">\n\t\t\t<div class=\"elementor-post__card\">\n\t\t\t\t<a class=\"elementor-post__thumbnail__link\" href=\"https:\/\/bendalis.com\/de\/inceptua-und-bendalis-schliessen-fuer-onkologische-arzneimittel-einen-exklusivvertrag-fuer-klinische-studien\/\" tabindex=\"-1\" ><div class=\"elementor-post__thumbnail\"><img decoding=\"async\" width=\"768\" height=\"512\" src=\"https:\/\/bendalis.com\/site\/wp-content\/uploads\/iStock_000002966680Medium-1-768x512.jpg\" class=\"attachment-medium_large size-medium_large wp-image-1964\" alt=\"\" srcset=\"https:\/\/bendalis.com\/site\/wp-content\/uploads\/iStock_000002966680Medium-1-768x512.jpg 768w, https:\/\/bendalis.com\/site\/wp-content\/uploads\/iStock_000002966680Medium-1-300x200.jpg 300w, https:\/\/bendalis.com\/site\/wp-content\/uploads\/iStock_000002966680Medium-1-1024x682.jpg 1024w, https:\/\/bendalis.com\/site\/wp-content\/uploads\/iStock_000002966680Medium-1.jpg 1698w\" sizes=\"(max-width: 768px) 100vw, 768px\" \/><\/div><\/a>\n\t\t\t\t<div class=\"elementor-post__text\">\n\t\t\t\t<h3 class=\"elementor-post__title\">\n\t\t\t<a href=\"https:\/\/bendalis.com\/de\/inceptua-und-bendalis-schliessen-fuer-onkologische-arzneimittel-einen-exklusivvertrag-fuer-klinische-studien\/\" >\n\t\t\t\tInceptua und Bendalis schlie\u00dfen f\u00fcr onkologische Arzneimittel einen Exklusivvertrag f\u00fcr klinische Studien\t\t\t<\/a>\n\t\t<\/h3>\n\t\t\t\t<\/div>\n\t\t\t\t<div class=\"elementor-post__meta-data\">\n\t\t\t\t\t<span class=\"elementor-post-date\">\n\t\t\t25\/11\/2019\t\t<\/span>\n\t\t\t\t<\/div>\n\t\t\t\t\t<\/div>\n\t\t<\/article>\n\t\t\t\t<article class=\"elementor-post elementor-grid-item post-1906 post type-post status-publish format-standard has-post-thumbnail hentry category-aktuelles tag-bendalis tag-cphi generate-columns tablet-grid-50 mobile-grid-100 grid-parent grid-33\" role=\"listitem\">\n\t\t\t<div class=\"elementor-post__card\">\n\t\t\t\t<a class=\"elementor-post__thumbnail__link\" href=\"https:\/\/bendalis.com\/de\/danke-fuer-ihren-besuch-auf-der-cphi-in-frankfurt\/\" tabindex=\"-1\" ><div class=\"elementor-post__thumbnail\"><img loading=\"lazy\" decoding=\"async\" width=\"768\" height=\"576\" src=\"https:\/\/bendalis.com\/site\/wp-content\/uploads\/20171024_105321-768x576.jpg\" class=\"attachment-medium_large size-medium_large wp-image-1967\" alt=\"\" srcset=\"https:\/\/bendalis.com\/site\/wp-content\/uploads\/20171024_105321-768x576.jpg 768w, https:\/\/bendalis.com\/site\/wp-content\/uploads\/20171024_105321-300x225.jpg 300w, https:\/\/bendalis.com\/site\/wp-content\/uploads\/20171024_105321-1024x768.jpg 1024w\" sizes=\"(max-width: 768px) 100vw, 768px\" \/><\/div><\/a>\n\t\t\t\t<div class=\"elementor-post__text\">\n\t\t\t\t<h3 class=\"elementor-post__title\">\n\t\t\t<a href=\"https:\/\/bendalis.com\/de\/danke-fuer-ihren-besuch-auf-der-cphi-in-frankfurt\/\" >\n\t\t\t\tDanke f\u00fcr Ihren Besuch auf der CPhI in Frankfurt\t\t\t<\/a>\n\t\t<\/h3>\n\t\t\t\t<\/div>\n\t\t\t\t<div class=\"elementor-post__meta-data\">\n\t\t\t\t\t<span class=\"elementor-post-date\">\n\t\t\t13\/11\/2019\t\t<\/span>\n\t\t\t\t<\/div>\n\t\t\t\t\t<\/div>\n\t\t<\/article>\n\t\t\t\t<article class=\"elementor-post elementor-grid-item post-1889 post type-post status-publish format-standard has-post-thumbnail hentry category-aktuelles generate-columns tablet-grid-50 mobile-grid-100 grid-parent grid-33\" role=\"listitem\">\n\t\t\t<div class=\"elementor-post__card\">\n\t\t\t\t<a class=\"elementor-post__thumbnail__link\" href=\"https:\/\/bendalis.com\/de\/treffen-sie-uns-vom-5-bis-zum-7-november-2019-auf-der-cphi-in-frankfurt\/\" tabindex=\"-1\" ><div class=\"elementor-post__thumbnail\"><img loading=\"lazy\" decoding=\"async\" width=\"768\" height=\"512\" src=\"https:\/\/bendalis.com\/site\/wp-content\/uploads\/IMG_3956-768x512.jpg\" class=\"attachment-medium_large size-medium_large wp-image-1895\" alt=\"\" srcset=\"https:\/\/bendalis.com\/site\/wp-content\/uploads\/IMG_3956-768x512.jpg 768w, https:\/\/bendalis.com\/site\/wp-content\/uploads\/IMG_3956-300x200.jpg 300w, https:\/\/bendalis.com\/site\/wp-content\/uploads\/IMG_3956-1024x683.jpg 1024w\" sizes=\"(max-width: 768px) 100vw, 768px\" \/><\/div><\/a>\n\t\t\t\t<div class=\"elementor-post__text\">\n\t\t\t\t<h3 class=\"elementor-post__title\">\n\t\t\t<a href=\"https:\/\/bendalis.com\/de\/treffen-sie-uns-vom-5-bis-zum-7-november-2019-auf-der-cphi-in-frankfurt\/\" >\n\t\t\t\tTreffen Sie uns vom 5. bis zum 7. November 2019 auf der CPhI in Frankfurt\t\t\t<\/a>\n\t\t<\/h3>\n\t\t\t\t<\/div>\n\t\t\t\t<div class=\"elementor-post__meta-data\">\n\t\t\t\t\t<span class=\"elementor-post-date\">\n\t\t\t05\/09\/2019\t\t<\/span>\n\t\t\t\t<\/div>\n\t\t\t\t\t<\/div>\n\t\t<\/article>\n\t\t\t\t<\/div>\n\t\t\n\t\t\t\t<div class=\"e-load-more-anchor\" data-page=\"1\" data-max-page=\"2\" data-next-page=\"https:\/\/bendalis.com\/de\/wp-json\/wp\/v2\/pages\/1659\/page\/2\/\"><\/div>\n\t\t\t\t<nav class=\"elementor-pagination\" aria-label=\"Seitennummerierung\">\n\t\t\t<span aria-current=\"page\" class=\"page-numbers current\"><span class=\"elementor-screen-only\">Seite<\/span>1<\/span>\n<a class=\"page-numbers\" href=\"https:\/\/bendalis.com\/de\/wp-json\/wp\/v2\/pages\/1659\/page\/2\/\"><span class=\"elementor-screen-only\">Seite<\/span>2<\/a>\t\t<\/nav>\n\t\t\t\t\t\t<\/div>\n\t\t\t\t<\/div>\n\t\t\t\t\t<\/div>\n\t\t<\/div>\n\t\t\t\t\t<\/div>\n\t\t<\/section>\n\t\t\t\t<\/div>\n\t\t","protected":false},"excerpt":{"rendered":"<p>Wechsel in der Gesch\u00e4ftsf\u00fchrung July 1, 2017 Neue Therapie: Haut- und Schleimhautpflege mit Cannabinoiden May 26, 2015 Mit Again-Life-Medizinprodukten wird Krebstherapie ertr\u00e4glicher May 26, 2015 Kooperationen mit EUSA Pharma und Riemser Arzneimittel AG October 26, 2011 Bendalis expandiert October 26, 2009<\/p>\n","protected":false},"author":2,"featured_media":1583,"parent":0,"menu_order":0,"comment_status":"closed","ping_status":"closed","template":"","meta":{"generate_page_header":"","footnotes":""},"class_list":["post-1659","page","type-page","status-publish","has-post-thumbnail","hentry","generate-columns","tablet-grid-50","mobile-grid-100","grid-parent","grid-33"],"yoast_head":"<!-- This site is optimized with the Yoast SEO plugin v26.4 - https:\/\/yoast.com\/wordpress\/plugins\/seo\/ -->\n<title>Aktuelles - Bendalis<\/title>\n<meta name=\"description\" content=\"Immer bestens informiert mit unseren News.\" \/>\n<meta name=\"robots\" content=\"index, follow, max-snippet:-1, max-image-preview:large, max-video-preview:-1\" \/>\n<link rel=\"canonical\" href=\"https:\/\/bendalis.com\/de\/aktuelles\/\" \/>\n<meta property=\"og:locale\" content=\"de_DE\" \/>\n<meta property=\"og:type\" content=\"article\" \/>\n<meta property=\"og:title\" content=\"Aktuelles - Bendalis\" \/>\n<meta property=\"og:description\" content=\"Immer bestens informiert mit unseren News.\" \/>\n<meta property=\"og:url\" content=\"https:\/\/bendalis.com\/de\/aktuelles\/\" \/>\n<meta property=\"og:site_name\" content=\"Bendalis\" \/>\n<meta property=\"article:modified_time\" content=\"2018-01-23T13:56:10+00:00\" \/>\n<meta property=\"og:image\" content=\"https:\/\/bendalis.com\/site\/wp-content\/uploads\/baum-news-header.png\" \/>\n\t<meta property=\"og:image:width\" content=\"3100\" \/>\n\t<meta property=\"og:image:height\" content=\"724\" \/>\n\t<meta property=\"og:image:type\" content=\"image\/png\" \/>\n<meta name=\"twitter:card\" content=\"summary_large_image\" \/>\n<script type=\"application\/ld+json\" class=\"yoast-schema-graph\">{\"@context\":\"https:\/\/schema.org\",\"@graph\":[{\"@type\":\"WebPage\",\"@id\":\"https:\/\/bendalis.com\/de\/aktuelles\/\",\"url\":\"https:\/\/bendalis.com\/de\/aktuelles\/\",\"name\":\"Aktuelles - Bendalis\",\"isPartOf\":{\"@id\":\"https:\/\/bendalis.com\/#website\"},\"primaryImageOfPage\":{\"@id\":\"https:\/\/bendalis.com\/de\/aktuelles\/#primaryimage\"},\"image\":{\"@id\":\"https:\/\/bendalis.com\/de\/aktuelles\/#primaryimage\"},\"thumbnailUrl\":\"https:\/\/bendalis.com\/site\/wp-content\/uploads\/baum-news-header.png\",\"datePublished\":\"2018-01-23T10:38:06+00:00\",\"dateModified\":\"2018-01-23T13:56:10+00:00\",\"description\":\"Immer bestens informiert mit unseren News.\",\"breadcrumb\":{\"@id\":\"https:\/\/bendalis.com\/de\/aktuelles\/#breadcrumb\"},\"inLanguage\":\"de\",\"potentialAction\":[{\"@type\":\"ReadAction\",\"target\":[\"https:\/\/bendalis.com\/de\/aktuelles\/\"]}]},{\"@type\":\"ImageObject\",\"inLanguage\":\"de\",\"@id\":\"https:\/\/bendalis.com\/de\/aktuelles\/#primaryimage\",\"url\":\"https:\/\/bendalis.com\/site\/wp-content\/uploads\/baum-news-header.png\",\"contentUrl\":\"https:\/\/bendalis.com\/site\/wp-content\/uploads\/baum-news-header.png\",\"width\":3100,\"height\":724,\"caption\":\"baum-news-header\"},{\"@type\":\"BreadcrumbList\",\"@id\":\"https:\/\/bendalis.com\/de\/aktuelles\/#breadcrumb\",\"itemListElement\":[{\"@type\":\"ListItem\",\"position\":1,\"name\":\"Home\",\"item\":\"https:\/\/bendalis.com\/\"},{\"@type\":\"ListItem\",\"position\":2,\"name\":\"Aktuelles\"}]},{\"@type\":\"WebSite\",\"@id\":\"https:\/\/bendalis.com\/#website\",\"url\":\"https:\/\/bendalis.com\/\",\"name\":\"Bendalis\",\"description\":\"Pharmaceutical products for haematology, oncology and supportive care\",\"publisher\":{\"@id\":\"https:\/\/bendalis.com\/#organization\"},\"potentialAction\":[{\"@type\":\"SearchAction\",\"target\":{\"@type\":\"EntryPoint\",\"urlTemplate\":\"https:\/\/bendalis.com\/?s={search_term_string}\"},\"query-input\":{\"@type\":\"PropertyValueSpecification\",\"valueRequired\":true,\"valueName\":\"search_term_string\"}}],\"inLanguage\":\"de\"},{\"@type\":\"Organization\",\"@id\":\"https:\/\/bendalis.com\/#organization\",\"name\":\"Bendalis GmbH\",\"url\":\"https:\/\/bendalis.com\/\",\"logo\":{\"@type\":\"ImageObject\",\"inLanguage\":\"de\",\"@id\":\"https:\/\/bendalis.com\/#\/schema\/logo\/image\/\",\"url\":\"https:\/\/bendalis.com\/site\/wp-content\/uploads\/bendalis@2.png\",\"contentUrl\":\"https:\/\/bendalis.com\/site\/wp-content\/uploads\/bendalis@2.png\",\"width\":500,\"height\":162,\"caption\":\"Bendalis GmbH\"},\"image\":{\"@id\":\"https:\/\/bendalis.com\/#\/schema\/logo\/image\/\"},\"sameAs\":[\"https:\/\/www.linkedin.com\/company\/bendalis-gmbh\"]}]}<\/script>\n<!-- \/ Yoast SEO plugin. -->","yoast_head_json":{"title":"Aktuelles - Bendalis","description":"Immer bestens informiert mit unseren News.","robots":{"index":"index","follow":"follow","max-snippet":"max-snippet:-1","max-image-preview":"max-image-preview:large","max-video-preview":"max-video-preview:-1"},"canonical":"https:\/\/bendalis.com\/de\/aktuelles\/","og_locale":"de_DE","og_type":"article","og_title":"Aktuelles - Bendalis","og_description":"Immer bestens informiert mit unseren News.","og_url":"https:\/\/bendalis.com\/de\/aktuelles\/","og_site_name":"Bendalis","article_modified_time":"2018-01-23T13:56:10+00:00","og_image":[{"width":3100,"height":724,"url":"https:\/\/bendalis.com\/site\/wp-content\/uploads\/baum-news-header.png","type":"image\/png"}],"twitter_card":"summary_large_image","schema":{"@context":"https:\/\/schema.org","@graph":[{"@type":"WebPage","@id":"https:\/\/bendalis.com\/de\/aktuelles\/","url":"https:\/\/bendalis.com\/de\/aktuelles\/","name":"Aktuelles - Bendalis","isPartOf":{"@id":"https:\/\/bendalis.com\/#website"},"primaryImageOfPage":{"@id":"https:\/\/bendalis.com\/de\/aktuelles\/#primaryimage"},"image":{"@id":"https:\/\/bendalis.com\/de\/aktuelles\/#primaryimage"},"thumbnailUrl":"https:\/\/bendalis.com\/site\/wp-content\/uploads\/baum-news-header.png","datePublished":"2018-01-23T10:38:06+00:00","dateModified":"2018-01-23T13:56:10+00:00","description":"Immer bestens informiert mit unseren News.","breadcrumb":{"@id":"https:\/\/bendalis.com\/de\/aktuelles\/#breadcrumb"},"inLanguage":"de","potentialAction":[{"@type":"ReadAction","target":["https:\/\/bendalis.com\/de\/aktuelles\/"]}]},{"@type":"ImageObject","inLanguage":"de","@id":"https:\/\/bendalis.com\/de\/aktuelles\/#primaryimage","url":"https:\/\/bendalis.com\/site\/wp-content\/uploads\/baum-news-header.png","contentUrl":"https:\/\/bendalis.com\/site\/wp-content\/uploads\/baum-news-header.png","width":3100,"height":724,"caption":"baum-news-header"},{"@type":"BreadcrumbList","@id":"https:\/\/bendalis.com\/de\/aktuelles\/#breadcrumb","itemListElement":[{"@type":"ListItem","position":1,"name":"Home","item":"https:\/\/bendalis.com\/"},{"@type":"ListItem","position":2,"name":"Aktuelles"}]},{"@type":"WebSite","@id":"https:\/\/bendalis.com\/#website","url":"https:\/\/bendalis.com\/","name":"Bendalis","description":"Pharmaceutical products for haematology, oncology and supportive care","publisher":{"@id":"https:\/\/bendalis.com\/#organization"},"potentialAction":[{"@type":"SearchAction","target":{"@type":"EntryPoint","urlTemplate":"https:\/\/bendalis.com\/?s={search_term_string}"},"query-input":{"@type":"PropertyValueSpecification","valueRequired":true,"valueName":"search_term_string"}}],"inLanguage":"de"},{"@type":"Organization","@id":"https:\/\/bendalis.com\/#organization","name":"Bendalis GmbH","url":"https:\/\/bendalis.com\/","logo":{"@type":"ImageObject","inLanguage":"de","@id":"https:\/\/bendalis.com\/#\/schema\/logo\/image\/","url":"https:\/\/bendalis.com\/site\/wp-content\/uploads\/bendalis@2.png","contentUrl":"https:\/\/bendalis.com\/site\/wp-content\/uploads\/bendalis@2.png","width":500,"height":162,"caption":"Bendalis GmbH"},"image":{"@id":"https:\/\/bendalis.com\/#\/schema\/logo\/image\/"},"sameAs":["https:\/\/www.linkedin.com\/company\/bendalis-gmbh"]}]}},"_links":{"self":[{"href":"https:\/\/bendalis.com\/de\/wp-json\/wp\/v2\/pages\/1659","targetHints":{"allow":["GET"]}}],"collection":[{"href":"https:\/\/bendalis.com\/de\/wp-json\/wp\/v2\/pages"}],"about":[{"href":"https:\/\/bendalis.com\/de\/wp-json\/wp\/v2\/types\/page"}],"author":[{"embeddable":true,"href":"https:\/\/bendalis.com\/de\/wp-json\/wp\/v2\/users\/2"}],"replies":[{"embeddable":true,"href":"https:\/\/bendalis.com\/de\/wp-json\/wp\/v2\/comments?post=1659"}],"version-history":[{"count":3,"href":"https:\/\/bendalis.com\/de\/wp-json\/wp\/v2\/pages\/1659\/revisions"}],"predecessor-version":[{"id":1720,"href":"https:\/\/bendalis.com\/de\/wp-json\/wp\/v2\/pages\/1659\/revisions\/1720"}],"wp:featuredmedia":[{"embeddable":true,"href":"https:\/\/bendalis.com\/de\/wp-json\/wp\/v2\/media\/1583"}],"wp:attachment":[{"href":"https:\/\/bendalis.com\/de\/wp-json\/wp\/v2\/media?parent=1659"}],"curies":[{"name":"wp","href":"https:\/\/api.w.org\/{rel}","templated":true}]}}