{"id":1667,"date":"2018-01-23T11:15:43","date_gmt":"2018-01-23T11:15:43","guid":{"rendered":"https:\/\/bendalis.com\/kontakt\/"},"modified":"2024-03-20T14:56:28","modified_gmt":"2024-03-20T14:56:28","slug":"kontakt","status":"publish","type":"page","link":"https:\/\/bendalis.com\/de\/kontakt\/","title":{"rendered":"Kontakt"},"content":{"rendered":"\t\t<div data-elementor-type=\"wp-post\" data-elementor-id=\"1667\" class=\"elementor elementor-1667 elementor-17\" data-elementor-post-type=\"page\">\n\t\t\t\t\t\t<section class=\"elementor-section elementor-top-section elementor-element elementor-element-hmzhexx elementor-section-boxed elementor-section-height-default elementor-section-height-default\" data-id=\"hmzhexx\" data-element_type=\"section\">\n\t\t\t\t\t\t<div class=\"elementor-container elementor-column-gap-default\">\n\t\t\t\t\t<div class=\"elementor-column elementor-col-50 elementor-top-column elementor-element elementor-element-tniqieh\" data-id=\"tniqieh\" data-element_type=\"column\">\n\t\t\t<div class=\"elementor-widget-wrap elementor-element-populated\">\n\t\t\t\t\t\t<div class=\"elementor-element elementor-element-csxymbh elementor-button-align-start elementor-widget elementor-widget-form\" data-id=\"csxymbh\" data-element_type=\"widget\" data-settings=\"{&quot;step_next_label&quot;:&quot;N\\u00e4chster&quot;,&quot;step_previous_label&quot;:&quot;Voriger&quot;,&quot;button_width&quot;:&quot;100&quot;,&quot;step_type&quot;:&quot;number_text&quot;,&quot;step_icon_shape&quot;:&quot;circle&quot;}\" data-widget_type=\"form.default\">\n\t\t\t\t<div class=\"elementor-widget-container\">\n\t\t\t\t\t\t\t<form class=\"elementor-form\" method=\"post\" name=\"Kontakt\" aria-label=\"Kontakt\">\n\t\t\t<input type=\"hidden\" name=\"post_id\" value=\"1667\"\/>\n\t\t\t<input type=\"hidden\" name=\"form_id\" value=\"csxymbh\"\/>\n\t\t\t<input type=\"hidden\" name=\"referer_title\" value=\"Kontakt - Bendalis\" \/>\n\n\t\t\t\t\t\t\t<input type=\"hidden\" name=\"queried_id\" value=\"1667\"\/>\n\t\t\t\n\t\t\t<div class=\"elementor-form-fields-wrapper elementor-labels-above\">\n\t\t\t\t\t\t\t\t<div class=\"elementor-field-type-text elementor-field-group elementor-column elementor-field-group-name elementor-col-50 elementor-field-required elementor-mark-required\">\n\t\t\t\t\t\t\t\t\t\t\t\t<label for=\"form-field-name\" class=\"elementor-field-label\">\n\t\t\t\t\t\t\t\tVorname\t\t\t\t\t\t\t<\/label>\n\t\t\t\t\t\t\t\t\t\t\t\t\t\t<input size=\"1\" type=\"text\" name=\"form_fields[name]\" id=\"form-field-name\" class=\"elementor-field elementor-size-sm  elementor-field-textual\" required=\"required\">\n\t\t\t\t\t\t\t\t\t\t\t<\/div>\n\t\t\t\t\t\t\t\t<div class=\"elementor-field-type-text elementor-field-group elementor-column elementor-field-group-field_5 elementor-col-50 elementor-field-required elementor-mark-required\">\n\t\t\t\t\t\t\t\t\t\t\t\t<label for=\"form-field-field_5\" class=\"elementor-field-label\">\n\t\t\t\t\t\t\t\tNachname\t\t\t\t\t\t\t<\/label>\n\t\t\t\t\t\t\t\t\t\t\t\t\t\t<input size=\"1\" type=\"text\" name=\"form_fields[field_5]\" id=\"form-field-field_5\" class=\"elementor-field elementor-size-sm  elementor-field-textual\" required=\"required\">\n\t\t\t\t\t\t\t\t\t\t\t<\/div>\n\t\t\t\t\t\t\t\t<div class=\"elementor-field-type-email elementor-field-group elementor-column elementor-field-group-email elementor-col-100 elementor-field-required elementor-mark-required\">\n\t\t\t\t\t\t\t\t\t\t\t\t<label for=\"form-field-email\" class=\"elementor-field-label\">\n\t\t\t\t\t\t\t\tE-Mail\t\t\t\t\t\t\t<\/label>\n\t\t\t\t\t\t\t\t\t\t\t\t\t\t<input size=\"1\" type=\"email\" name=\"form_fields[email]\" id=\"form-field-email\" class=\"elementor-field elementor-size-sm  elementor-field-textual\" required=\"required\">\n\t\t\t\t\t\t\t\t\t\t\t<\/div>\n\t\t\t\t\t\t\t\t<div class=\"elementor-field-type-text elementor-field-group elementor-column elementor-field-group-field_1 elementor-col-100 elementor-field-required elementor-mark-required\">\n\t\t\t\t\t\t\t\t\t\t\t\t<label for=\"form-field-field_1\" class=\"elementor-field-label\">\n\t\t\t\t\t\t\t\tStra\u00dfe\t\t\t\t\t\t\t<\/label>\n\t\t\t\t\t\t\t\t\t\t\t\t\t\t<input size=\"1\" type=\"text\" name=\"form_fields[field_1]\" id=\"form-field-field_1\" class=\"elementor-field elementor-size-sm  elementor-field-textual\" required=\"required\">\n\t\t\t\t\t\t\t\t\t\t\t<\/div>\n\t\t\t\t\t\t\t\t<div class=\"elementor-field-type-text\">\n\t\t\t\t\t<input size=\"1\" type=\"text\" name=\"form_fields[field_edc468b]\" id=\"form-field-field_edc468b\" class=\"elementor-field elementor-size-sm \" style=\"display:none !important;\">\t\t\t\t<\/div>\n\t\t\t\t\t\t\t\t<div class=\"elementor-field-type-text elementor-field-group elementor-column elementor-field-group-field_2 elementor-col-50 elementor-field-required elementor-mark-required\">\n\t\t\t\t\t\t\t\t\t\t\t\t<label for=\"form-field-field_2\" class=\"elementor-field-label\">\n\t\t\t\t\t\t\t\tPLZ\t\t\t\t\t\t\t<\/label>\n\t\t\t\t\t\t\t\t\t\t\t\t\t\t<input size=\"1\" type=\"text\" name=\"form_fields[field_2]\" id=\"form-field-field_2\" class=\"elementor-field elementor-size-sm  elementor-field-textual\" required=\"required\">\n\t\t\t\t\t\t\t\t\t\t\t<\/div>\n\t\t\t\t\t\t\t\t<div class=\"elementor-field-type-text elementor-field-group elementor-column elementor-field-group-field_3 elementor-col-50 elementor-field-required elementor-mark-required\">\n\t\t\t\t\t\t\t\t\t\t\t\t<label for=\"form-field-field_3\" class=\"elementor-field-label\">\n\t\t\t\t\t\t\t\tOrt\t\t\t\t\t\t\t<\/label>\n\t\t\t\t\t\t\t\t\t\t\t\t\t\t<input size=\"1\" type=\"text\" name=\"form_fields[field_3]\" id=\"form-field-field_3\" class=\"elementor-field elementor-size-sm  elementor-field-textual\" required=\"required\">\n\t\t\t\t\t\t\t\t\t\t\t<\/div>\n\t\t\t\t\t\t\t\t<div class=\"elementor-field-type-textarea elementor-field-group elementor-column elementor-field-group-field_4 elementor-col-100\">\n\t\t\t\t\t\t\t\t\t\t\t\t<label for=\"form-field-field_4\" class=\"elementor-field-label\">\n\t\t\t\t\t\t\t\tIhre Nachricht\t\t\t\t\t\t\t<\/label>\n\t\t\t\t\t\t<textarea class=\"elementor-field-textual elementor-field  elementor-size-sm\" name=\"form_fields[field_4]\" id=\"form-field-field_4\" rows=\"4\" placeholder=\"Hier schreiben...\"><\/textarea>\t\t\t\t<\/div>\n\t\t\t\t\t\t\t\t<div class=\"elementor-field-type-acceptance elementor-field-group elementor-column elementor-field-group-field_6 elementor-col-100 elementor-field-required elementor-mark-required\">\n\t\t\t\t\t\t\t<div class=\"elementor-field-subgroup\">\n\t\t\t<span class=\"elementor-field-option\">\n\t\t\t\t<input type=\"checkbox\" name=\"form_fields[field_6]\" id=\"form-field-field_6\" class=\"elementor-field elementor-size-sm  elementor-acceptance-field\" required=\"required\">\n\t\t\t\t<label for=\"form-field-field_6\">Ja, ich habe die <a href=\"\/de\/datenschutzerklarung\/\">Datenschutzerkl\u00e4rung<\/a> zur Kenntnis genommen. Ich stimme zu, dass meine Angaben und Daten zur Beantwortung meiner Anfrage elektronisch erhoben und gespeichert werden. Sie k\u00f6nnen Ihre Einwilligung jederzeit per E-Mail an info@bendalis.com widerrufen.<\/label>\t\t\t<\/span>\n\t\t<\/div>\n\t\t\t\t\t\t<\/div>\n\t\t\t\t\t\t\t\t<div class=\"elementor-field-group elementor-column elementor-field-type-submit elementor-col-100 e-form__buttons\">\n\t\t\t\t\t<button class=\"elementor-button elementor-size-sm\" type=\"submit\">\n\t\t\t\t\t\t<span class=\"elementor-button-content-wrapper\">\n\t\t\t\t\t\t\t\t\t\t\t\t\t\t\t<span class=\"elementor-button-icon\">\n\t\t\t\t\t\t\t\t\t<i class=\"fa fa-send\" aria-hidden=\"true\"><\/i>\t\t\t\t\t\t\t\t\t\t\t\t\t\t\t\t\t<\/span>\n\t\t\t\t\t\t\t\t\t\t\t\t\t\t\t\t\t\t\t\t\t\t<span class=\"elementor-button-text\">Senden<\/span>\n\t\t\t\t\t\t\t\t\t\t\t\t\t<\/span>\n\t\t\t\t\t<\/button>\n\t\t\t\t<\/div>\n\t\t\t<\/div>\n\t\t<\/form>\n\t\t\t\t\t\t<\/div>\n\t\t\t\t<\/div>\n\t\t\t\t\t<\/div>\n\t\t<\/div>\n\t\t\t\t<div class=\"elementor-column elementor-col-50 elementor-top-column elementor-element elementor-element-uwswmva\" data-id=\"uwswmva\" data-element_type=\"column\">\n\t\t\t<div class=\"elementor-widget-wrap elementor-element-populated\">\n\t\t\t\t\t\t<div class=\"elementor-element elementor-element-xlbhovq elementor-widget elementor-widget-text-editor\" data-id=\"xlbhovq\" data-element_type=\"widget\" data-widget_type=\"text-editor.default\">\n\t\t\t\t<div class=\"elementor-widget-container\">\n\t\t\t\t\t\t\t\t\t<h3><span style=\"color: #333333;\">Auftragsbearbeitung<\/span><\/h3><p>T: +49 (89) 45 08 08 78-88<br \/>F: +49 (89) 45 08 08 78-60<br \/>sales@bendalis.com<\/p>\t\t\t\t\t\t\t\t<\/div>\n\t\t\t\t<\/div>\n\t\t\t\t\t<\/div>\n\t\t<\/div>\n\t\t\t\t\t<\/div>\n\t\t<\/section>\n\t\t\t\t<section class=\"elementor-section elementor-top-section elementor-element elementor-element-ulsfxtc elementor-section-boxed elementor-section-height-default elementor-section-height-default\" data-id=\"ulsfxtc\" data-element_type=\"section\">\n\t\t\t\t\t\t<div class=\"elementor-container elementor-column-gap-default\">\n\t\t\t\t\t<div class=\"elementor-column elementor-col-66 elementor-top-column elementor-element elementor-element-fbptyny\" data-id=\"fbptyny\" data-element_type=\"column\">\n\t\t\t<div class=\"elementor-widget-wrap elementor-element-populated\">\n\t\t\t\t\t\t<div class=\"elementor-element elementor-element-sygdytp elementor-widget elementor-widget-text-editor\" data-id=\"sygdytp\" data-element_type=\"widget\" data-widget_type=\"text-editor.default\">\n\t\t\t\t<div class=\"elementor-widget-container\">\n\t\t\t\t\t\t\t\t\t<h3>Arzneimittelsicherheit &#8211; Nebenwirkungen melden<\/h3><p>Meldungen zu Nebenwirkungen sind wichtige Informationen, um die Sicherheit unserer Arzneimittel zu \u00fcberwachen und bei Bedarf entsprechende Ma\u00dfnahmen ergreifen zu k\u00f6nnen. Falls Sie uns einen Verdachtsfall einer unerw\u00fcnschten Arzneimittelwirkung berichten m\u00f6chten, so schreiben Sie bitte eine E-Mail direkt an: <a href=\"mailto:ams@bendalis.com\"><strong>ams@bendalis.com<\/strong><\/a><\/p><p>Sie k\u00f6nnen uns auch telefonisch oder postalisch erreichen:<\/p><p>Bendalis GmbH<br \/>Keltenring 17<br \/>82041 Oberhaching, Deutschland<\/p><p>\u2022 Telefonisch w\u00e4hrend der Gesch\u00e4ftszeiten (werktags 9:00-17:00 Uhr): +49 89 45080878-0<\/p><p>\u2022 Telefonisch au\u00dferhalb der Gesch\u00e4ftszeiten: +49 89 45080878-96<\/p><p>Bitte halten Sie f\u00fcr telefonische Meldungen folgende Informationen bereit:<br \/>1. Name des Produkts\/Pr\u00e4parats<br \/>2. Chargenbezeichnung soweit bekannt (Ch.-B. oder LOT)<br \/>3. Art der Nebenwirkung<br \/>4. Angaben zum Patient (Alter, Geschlecht oder Initialen ausreichend)<br \/>5. Name und Adresse des Melders f\u00fcr evtl. R\u00fcckfragen<\/p>\t\t\t\t\t\t\t\t<\/div>\n\t\t\t\t<\/div>\n\t\t\t\t<div class=\"elementor-element elementor-element-673107d elementor-widget elementor-widget-text-editor\" data-id=\"673107d\" data-element_type=\"widget\" data-widget_type=\"text-editor.default\">\n\t\t\t\t<div class=\"elementor-widget-container\">\n\t\t\t\t\t\t\t\t\t<h3>Haftung f\u00fcr Inhalte<\/h3><p>Als Diensteanbieter sind wir gem\u00e4\u00df \u00a7 7 Abs.1 TMG f\u00fcr eigene Inhalte auf diesen Seiten nach den allgemeinen Gesetzen verantwortlich. Nach \u00a7\u00a7 8 bis 10 TMG sind wir als Diensteanbieter jedoch nicht verpflichtet, \u00fcbermittelte oder gespeicherte fremde Informationen zu \u00fcberwachen oder nach Umst\u00e4nden zu forschen, die auf eine rechtswidrige T\u00e4tigkeit hinweisen.<\/p><p>Verpflichtungen zur Entfernung oder Sperrung der Nutzung von Informationen nach den allgemeinen Gesetzen bleiben hiervon unber\u00fchrt. Eine diesbez\u00fcgliche Haftung ist jedoch erst ab dem Zeitpunkt der Kenntnis einer konkreten Rechtsverletzung m\u00f6glich. Bei Bekanntwerden von entsprechenden Rechtsverletzungen werden wir diese Inhalte umgehend entfernen.<\/p><h3>Haftung f\u00fcr Links<\/h3><p>Unser Angebot enth\u00e4lt Links zu externen Websites Dritter, auf deren Inhalte wir keinen Einfluss haben. Deshalb k\u00f6nnen wir f\u00fcr diese fremden Inhalte auch keine Gew\u00e4hr \u00fcbernehmen. F\u00fcr die Inhalte der verlinkten Seiten ist stets der jeweilige Anbieter oder Betreiber der Seiten verantwortlich. Die verlinkten Seiten wurden zum Zeitpunkt der Verlinkung auf m\u00f6gliche Rechtsverst\u00f6\u00dfe \u00fcberpr\u00fcft. Rechtswidrige Inhalte waren zum Zeitpunkt der Verlinkung nicht erkennbar.<\/p><p>Eine permanente inhaltliche Kontrolle der verlinkten Seiten ist jedoch ohne konkrete Anhaltspunkte einer Rechtsverletzung nicht zumutbar. Bei Bekanntwerden von Rechtsverletzungen werden wir derartige Links umgehend entfernen.<\/p><h3>Urheberrecht<\/h3><p>Die durch die Seitenbetreiber erstellten Inhalte und Werke auf diesen Seiten unterliegen dem deutschen Urheberrecht. Die Vervielf\u00e4ltigung, Bearbeitung, Verbreitung und jede Art der Verwertung au\u00dferhalb der Grenzen des Urheberrechtes bed\u00fcrfen der schriftlichen Zustimmung des jeweiligen Autors bzw. Erstellers. Downloads und Kopien dieser Seite sind nur f\u00fcr den privaten, nicht kommerziellen Gebrauch gestattet.<\/p><p>Soweit die Inhalte auf dieser Seite nicht vom Betreiber erstellt wurden, werden die Urheberrechte Dritter beachtet. Insbesondere werden Inhalte Dritter als solche gekennzeichnet. Sollten Sie trotzdem auf eine Urheberrechtsverletzung aufmerksam werden, bitten wir um einen entsprechenden Hinweis. Bei Bekanntwerden von Rechtsverletzungen werden wir derartige Inhalte umgehend entfernen.<\/p>\t\t\t\t\t\t\t\t<\/div>\n\t\t\t\t<\/div>\n\t\t\t\t\t<\/div>\n\t\t<\/div>\n\t\t\t\t<div class=\"elementor-column elementor-col-33 elementor-top-column elementor-element elementor-element-rzkkelw\" data-id=\"rzkkelw\" data-element_type=\"column\">\n\t\t\t<div class=\"elementor-widget-wrap elementor-element-populated\">\n\t\t\t\t\t\t<div class=\"elementor-element elementor-element-nepatmh elementor-widget elementor-widget-text-editor\" data-id=\"nepatmh\" data-element_type=\"widget\" data-widget_type=\"text-editor.default\">\n\t\t\t\t<div class=\"elementor-widget-container\">\n\t\t\t\t\t\t\t\t\t<h1><span style=\"color: #333333;\">Impressum<\/span><\/h1><h2>Angaben gem\u00e4\u00df \u00a7 5 TMG<\/h2><p>Bendalis GmbH<br \/>Keltenring 17<br \/>82041 Oberhaching<\/p><p>Handelsregister: HRB 162575<\/p><p>Registergericht: Amtsgericht M\u00fcnchen<\/p><p><strong>Vertreten durch die Gesch\u00e4ftsf\u00fchrer:<\/strong><br \/>Dr. Dirk H\u00fctten<br \/>Dr. Wolfgang Burger<\/p><h2>Kontakt<\/h2><p>Telefon: +49 89 45080878-70<br \/>Telefax: +49 89 45080878-80<br \/><a href=\"mailto:info@bendalis.com\">E-Mail: info@bendalis.com<\/a><\/p><h2>Umsatzsteuer-ID<\/h2><p>Umsatzsteuer-Identifikationsnummer gem\u00e4\u00df \u00a727 a Umsatzsteuergesetz: <br \/>DE 248820249<\/p><h2>Aufsichtsbeh\u00f6rde<\/h2><p>Herstellerlaubnis:<br \/>Regierung von Oberbayern<\/p><p>Zulassung Produkte: Bundesinstitut f\u00fcr Arzneimittel und Medizinprodukte<\/p><p>Herstellerlaubnis: <br \/><a href=\"https:\/\/www.regierung.oberbayern.bayern.de\/aufgaben\/umwelt\/pharmazie\/ansprech\/index.php\" target=\"_blank\" rel=\"noopener\">Regierung von Oberbayern<\/a>, <br \/>Sachgebiet 53.2, 80534 M\u00fcnchen<\/p><p>Zulassung Produkte:<br \/>Bundesinstitut f\u00fcr Arzneimittel und Medizinprodukte<br \/>Kurt-Georg-Kiesinger-Allee 3<br \/>53175 Bonn<\/p><h2>Verantwortlich f\u00fcr den Inhalt nach \u00a7 55 Abs. 2 RStV<\/h2><p>Dr. Wolfgang Burger<br \/>Dr. Dirk H\u00fctten<br \/>Bendalis GmbH<br \/>Keltenring 17<br \/>82041 Oberhaching<\/p><h2>Streitschlichtung<\/h2><p>Die Europ\u00e4ische Kommission stellt eine <a href=\"https:\/\/ec.europa.eu\/consumers\/odr\/main\/index.cfm?event=main.home2.show&amp;lng=DE\" target=\"_blank\" rel=\"noopener\">Plattform zur Online-Streitbeilegung (OS)<\/a> bereit. Unsere E-Mail-Adresse finden Sie oben im Impressum.<\/p><p>Wir sind nicht bereit oder verpflichtet, an Streitbeilegungsverfahren vor einer Verbraucherschlichtungsstelle teilzunehmen.<\/p>\t\t\t\t\t\t\t\t<\/div>\n\t\t\t\t<\/div>\n\t\t\t\t<div class=\"elementor-element elementor-element-e4ebc08 elementor-widget elementor-widget-html\" data-id=\"e4ebc08\" data-element_type=\"widget\" data-widget_type=\"html.default\">\n\t\t\t\t<div class=\"elementor-widget-container\">\n\t\t\t\t\t<p><a href=\"https:\/\/www.limstyle.com\" style=\"padding: 3px 8px; border: 1px solid #ddd;font-size: 12px; background-color: #f5f5f5;box-shadow: 0 0 15px #ddd;\">Website created by limstyle webdesign<\/a><\/p>\n\t\t\t\t<\/div>\n\t\t\t\t<\/div>\n\t\t\t\t\t<\/div>\n\t\t<\/div>\n\t\t\t\t\t<\/div>\n\t\t<\/section>\n\t\t\t\t<\/div>\n\t\t","protected":false},"excerpt":{"rendered":"<p>Auftragsbearbeitung T: +49 (89) 45 08 08 78-88F: +49 (89) 45 08 08 78-60sales@bendalis.com Arzneimittelsicherheit &#8211; Nebenwirkungen melden Meldungen zu Nebenwirkungen sind wichtige Informationen, um die Sicherheit unserer Arzneimittel zu \u00fcberwachen und bei Bedarf entsprechende Ma\u00dfnahmen ergreifen zu k\u00f6nnen. Falls Sie uns einen Verdachtsfall einer unerw\u00fcnschten Arzneimittelwirkung berichten m\u00f6chten, so schreiben Sie bitte eine E-Mail &#8230; <a title=\"Kontakt\" class=\"read-more\" href=\"https:\/\/bendalis.com\/de\/kontakt\/\" aria-label=\"Mehr zu Kontakt\">Weiterlesen &#8230;<\/a><\/p>\n","protected":false},"author":2,"featured_media":1588,"parent":0,"menu_order":0,"comment_status":"closed","ping_status":"closed","template":"","meta":{"generate_page_header":"","footnotes":""},"class_list":["post-1667","page","type-page","status-publish","has-post-thumbnail"],"yoast_head":"<!-- This site is optimized with the Yoast SEO plugin v26.4 - https:\/\/yoast.com\/wordpress\/plugins\/seo\/ -->\n<title>Kontakt - Bendalis<\/title>\n<meta name=\"description\" content=\"Bitte verwenden Sie f\u00fcr Ihre Anfrage unser Kontaktformular. Sie wird dann umgehend an den richtigen Ansprechpartner weitergeleitet.\" \/>\n<meta name=\"robots\" content=\"index, follow, max-snippet:-1, max-image-preview:large, max-video-preview:-1\" \/>\n<link rel=\"canonical\" href=\"https:\/\/bendalis.com\/contact\/\" \/>\n<meta property=\"og:locale\" content=\"de_DE\" \/>\n<meta property=\"og:type\" content=\"article\" \/>\n<meta property=\"og:title\" content=\"Kontakt - Bendalis\" \/>\n<meta property=\"og:description\" content=\"Bitte verwenden Sie f\u00fcr Ihre Anfrage unser Kontaktformular. Sie wird dann umgehend an den richtigen Ansprechpartner weitergeleitet.\" \/>\n<meta property=\"og:url\" content=\"https:\/\/bendalis.com\/contact\/\" \/>\n<meta property=\"og:site_name\" content=\"Bendalis\" \/>\n<meta property=\"article:modified_time\" content=\"2024-03-20T14:56:28+00:00\" \/>\n<meta property=\"og:image\" content=\"https:\/\/bendalis.com\/site\/wp-content\/uploads\/contact-header.png\" \/>\n\t<meta property=\"og:image:width\" content=\"3100\" \/>\n\t<meta property=\"og:image:height\" content=\"724\" \/>\n\t<meta property=\"og:image:type\" content=\"image\/png\" \/>\n<meta name=\"twitter:card\" content=\"summary_large_image\" \/>\n<meta name=\"twitter:label1\" content=\"Gesch\u00e4tzte Lesezeit\" \/>\n\t<meta name=\"twitter:data1\" content=\"4\u00a0Minuten\" \/>\n<script type=\"application\/ld+json\" class=\"yoast-schema-graph\">{\"@context\":\"https:\/\/schema.org\",\"@graph\":[{\"@type\":\"WebPage\",\"@id\":\"https:\/\/bendalis.com\/contact\/\",\"url\":\"https:\/\/bendalis.com\/contact\/\",\"name\":\"Kontakt - Bendalis\",\"isPartOf\":{\"@id\":\"https:\/\/bendalis.com\/#website\"},\"primaryImageOfPage\":{\"@id\":\"https:\/\/bendalis.com\/contact\/#primaryimage\"},\"image\":{\"@id\":\"https:\/\/bendalis.com\/contact\/#primaryimage\"},\"thumbnailUrl\":\"https:\/\/bendalis.com\/site\/wp-content\/uploads\/contact-header.png\",\"datePublished\":\"2018-01-23T11:15:43+00:00\",\"dateModified\":\"2024-03-20T14:56:28+00:00\",\"description\":\"Bitte verwenden Sie f\u00fcr Ihre Anfrage unser Kontaktformular. Sie wird dann umgehend an den richtigen Ansprechpartner weitergeleitet.\",\"breadcrumb\":{\"@id\":\"https:\/\/bendalis.com\/contact\/#breadcrumb\"},\"inLanguage\":\"de\",\"potentialAction\":[{\"@type\":\"ReadAction\",\"target\":[\"https:\/\/bendalis.com\/contact\/\"]}]},{\"@type\":\"ImageObject\",\"inLanguage\":\"de\",\"@id\":\"https:\/\/bendalis.com\/contact\/#primaryimage\",\"url\":\"https:\/\/bendalis.com\/site\/wp-content\/uploads\/contact-header.png\",\"contentUrl\":\"https:\/\/bendalis.com\/site\/wp-content\/uploads\/contact-header.png\",\"width\":3100,\"height\":724,\"caption\":\"contact-header\"},{\"@type\":\"BreadcrumbList\",\"@id\":\"https:\/\/bendalis.com\/contact\/#breadcrumb\",\"itemListElement\":[{\"@type\":\"ListItem\",\"position\":1,\"name\":\"Home\",\"item\":\"https:\/\/bendalis.com\/\"},{\"@type\":\"ListItem\",\"position\":2,\"name\":\"Kontakt\"}]},{\"@type\":\"WebSite\",\"@id\":\"https:\/\/bendalis.com\/#website\",\"url\":\"https:\/\/bendalis.com\/\",\"name\":\"Bendalis\",\"description\":\"Pharmaceutical products for haematology, oncology and supportive care\",\"publisher\":{\"@id\":\"https:\/\/bendalis.com\/#organization\"},\"potentialAction\":[{\"@type\":\"SearchAction\",\"target\":{\"@type\":\"EntryPoint\",\"urlTemplate\":\"https:\/\/bendalis.com\/?s={search_term_string}\"},\"query-input\":{\"@type\":\"PropertyValueSpecification\",\"valueRequired\":true,\"valueName\":\"search_term_string\"}}],\"inLanguage\":\"de\"},{\"@type\":\"Organization\",\"@id\":\"https:\/\/bendalis.com\/#organization\",\"name\":\"Bendalis GmbH\",\"url\":\"https:\/\/bendalis.com\/\",\"logo\":{\"@type\":\"ImageObject\",\"inLanguage\":\"de\",\"@id\":\"https:\/\/bendalis.com\/#\/schema\/logo\/image\/\",\"url\":\"https:\/\/bendalis.com\/site\/wp-content\/uploads\/bendalis@2.png\",\"contentUrl\":\"https:\/\/bendalis.com\/site\/wp-content\/uploads\/bendalis@2.png\",\"width\":500,\"height\":162,\"caption\":\"Bendalis GmbH\"},\"image\":{\"@id\":\"https:\/\/bendalis.com\/#\/schema\/logo\/image\/\"},\"sameAs\":[\"https:\/\/www.linkedin.com\/company\/bendalis-gmbh\"]}]}<\/script>\n<!-- \/ Yoast SEO plugin. -->","yoast_head_json":{"title":"Kontakt - Bendalis","description":"Bitte verwenden Sie f\u00fcr Ihre Anfrage unser Kontaktformular. Sie wird dann umgehend an den richtigen Ansprechpartner weitergeleitet.","robots":{"index":"index","follow":"follow","max-snippet":"max-snippet:-1","max-image-preview":"max-image-preview:large","max-video-preview":"max-video-preview:-1"},"canonical":"https:\/\/bendalis.com\/contact\/","og_locale":"de_DE","og_type":"article","og_title":"Kontakt - Bendalis","og_description":"Bitte verwenden Sie f\u00fcr Ihre Anfrage unser Kontaktformular. Sie wird dann umgehend an den richtigen Ansprechpartner weitergeleitet.","og_url":"https:\/\/bendalis.com\/contact\/","og_site_name":"Bendalis","article_modified_time":"2024-03-20T14:56:28+00:00","og_image":[{"width":3100,"height":724,"url":"https:\/\/bendalis.com\/site\/wp-content\/uploads\/contact-header.png","type":"image\/png"}],"twitter_card":"summary_large_image","twitter_misc":{"Gesch\u00e4tzte Lesezeit":"4\u00a0Minuten"},"schema":{"@context":"https:\/\/schema.org","@graph":[{"@type":"WebPage","@id":"https:\/\/bendalis.com\/contact\/","url":"https:\/\/bendalis.com\/contact\/","name":"Kontakt - Bendalis","isPartOf":{"@id":"https:\/\/bendalis.com\/#website"},"primaryImageOfPage":{"@id":"https:\/\/bendalis.com\/contact\/#primaryimage"},"image":{"@id":"https:\/\/bendalis.com\/contact\/#primaryimage"},"thumbnailUrl":"https:\/\/bendalis.com\/site\/wp-content\/uploads\/contact-header.png","datePublished":"2018-01-23T11:15:43+00:00","dateModified":"2024-03-20T14:56:28+00:00","description":"Bitte verwenden Sie f\u00fcr Ihre Anfrage unser Kontaktformular. Sie wird dann umgehend an den richtigen Ansprechpartner weitergeleitet.","breadcrumb":{"@id":"https:\/\/bendalis.com\/contact\/#breadcrumb"},"inLanguage":"de","potentialAction":[{"@type":"ReadAction","target":["https:\/\/bendalis.com\/contact\/"]}]},{"@type":"ImageObject","inLanguage":"de","@id":"https:\/\/bendalis.com\/contact\/#primaryimage","url":"https:\/\/bendalis.com\/site\/wp-content\/uploads\/contact-header.png","contentUrl":"https:\/\/bendalis.com\/site\/wp-content\/uploads\/contact-header.png","width":3100,"height":724,"caption":"contact-header"},{"@type":"BreadcrumbList","@id":"https:\/\/bendalis.com\/contact\/#breadcrumb","itemListElement":[{"@type":"ListItem","position":1,"name":"Home","item":"https:\/\/bendalis.com\/"},{"@type":"ListItem","position":2,"name":"Kontakt"}]},{"@type":"WebSite","@id":"https:\/\/bendalis.com\/#website","url":"https:\/\/bendalis.com\/","name":"Bendalis","description":"Pharmaceutical products for haematology, oncology and supportive care","publisher":{"@id":"https:\/\/bendalis.com\/#organization"},"potentialAction":[{"@type":"SearchAction","target":{"@type":"EntryPoint","urlTemplate":"https:\/\/bendalis.com\/?s={search_term_string}"},"query-input":{"@type":"PropertyValueSpecification","valueRequired":true,"valueName":"search_term_string"}}],"inLanguage":"de"},{"@type":"Organization","@id":"https:\/\/bendalis.com\/#organization","name":"Bendalis GmbH","url":"https:\/\/bendalis.com\/","logo":{"@type":"ImageObject","inLanguage":"de","@id":"https:\/\/bendalis.com\/#\/schema\/logo\/image\/","url":"https:\/\/bendalis.com\/site\/wp-content\/uploads\/bendalis@2.png","contentUrl":"https:\/\/bendalis.com\/site\/wp-content\/uploads\/bendalis@2.png","width":500,"height":162,"caption":"Bendalis GmbH"},"image":{"@id":"https:\/\/bendalis.com\/#\/schema\/logo\/image\/"},"sameAs":["https:\/\/www.linkedin.com\/company\/bendalis-gmbh"]}]}},"_links":{"self":[{"href":"https:\/\/bendalis.com\/de\/wp-json\/wp\/v2\/pages\/1667","targetHints":{"allow":["GET"]}}],"collection":[{"href":"https:\/\/bendalis.com\/de\/wp-json\/wp\/v2\/pages"}],"about":[{"href":"https:\/\/bendalis.com\/de\/wp-json\/wp\/v2\/types\/page"}],"author":[{"embeddable":true,"href":"https:\/\/bendalis.com\/de\/wp-json\/wp\/v2\/users\/2"}],"replies":[{"embeddable":true,"href":"https:\/\/bendalis.com\/de\/wp-json\/wp\/v2\/comments?post=1667"}],"version-history":[{"count":65,"href":"https:\/\/bendalis.com\/de\/wp-json\/wp\/v2\/pages\/1667\/revisions"}],"predecessor-version":[{"id":2194,"href":"https:\/\/bendalis.com\/de\/wp-json\/wp\/v2\/pages\/1667\/revisions\/2194"}],"wp:featuredmedia":[{"embeddable":true,"href":"https:\/\/bendalis.com\/de\/wp-json\/wp\/v2\/media\/1588"}],"wp:attachment":[{"href":"https:\/\/bendalis.com\/de\/wp-json\/wp\/v2\/media?parent=1667"}],"curies":[{"name":"wp","href":"https:\/\/api.w.org\/{rel}","templated":true}]}}