{"id":1678,"date":"2018-01-23T12:26:26","date_gmt":"2018-01-23T12:26:26","guid":{"rendered":"https:\/\/bendalis.com\/karriere\/"},"modified":"2018-01-23T12:27:46","modified_gmt":"2018-01-23T12:27:46","slug":"karriere","status":"publish","type":"page","link":"https:\/\/bendalis.com\/de\/karriere\/","title":{"rendered":"Karriere"},"content":{"rendered":"\t\t<div data-elementor-type=\"wp-post\" data-elementor-id=\"1678\" class=\"elementor elementor-1678 elementor-10 elementor-bc-flex-widget\" data-elementor-post-type=\"page\">\n\t\t\t\t\t\t<section class=\"elementor-section elementor-top-section elementor-element elementor-element-svufkmc elementor-section-stretched elementor-section-boxed elementor-section-height-default elementor-section-height-default\" data-id=\"svufkmc\" data-element_type=\"section\" data-settings=\"{&quot;stretch_section&quot;:&quot;section-stretched&quot;}\">\n\t\t\t\t\t\t<div class=\"elementor-container elementor-column-gap-default\">\n\t\t\t\t\t<div class=\"elementor-column elementor-col-50 elementor-top-column elementor-element elementor-element-jnihkmu\" data-id=\"jnihkmu\" data-element_type=\"column\">\n\t\t\t<div class=\"elementor-widget-wrap elementor-element-populated\">\n\t\t\t\t\t\t<div class=\"elementor-element elementor-element-t5g304p elementor-widget elementor-widget-heading\" data-id=\"t5g304p\" data-element_type=\"widget\" data-widget_type=\"heading.default\">\n\t\t\t\t<div class=\"elementor-widget-container\">\n\t\t\t\t\t<h3 class=\"elementor-heading-title elementor-size-default\">Unsere Vision \u2013 Ihre Chance<\/h3>\t\t\t\t<\/div>\n\t\t\t\t<\/div>\n\t\t\t\t<div class=\"elementor-element elementor-element-wccjemj elementor-widget elementor-widget-text-editor\" data-id=\"wccjemj\" data-element_type=\"widget\" data-widget_type=\"text-editor.default\">\n\t\t\t\t<div class=\"elementor-widget-container\">\n\t\t\t\t\t\t\t\t\t<p>Unsere Vision: Bendalis als Hersteller hochwertiger Arzneimittel aus dem Fachgebiet Onkologika und Spezialtherapeutika an die Spitze zu bringen.<\/p>\n<p>Gem\u00e4\u00df unseres Mottos \u201eBendalis \u2013 Immer f\u00fcr Sie da\u201c, liegt uns die kompetente Beratung von und partnerschaftliche Zusammenarbeit mit \u00c4rzten, Apothekern und Patienten im Bereich der H\u00e4matologie und Onkologie sehr am Herzen.<\/p>\n<p>Dies erreichen wir nur mit einem hoch motivierten und qualifizierten Team \u2013 Mitarbeiterinnen und Mitarbeitern, die ein hohes Ma\u00df an Leistungsbereitschaft zeigen und bereit sind, Verantwortung zu \u00fcbernehmen.<\/p>\n<p>Ihre Chance: Sie gehen mit Talent, Engagement und Begeisterung an neue Herausforderungen heran? Dann passen Sie gut in unser Unternehmen \u2013 gemeinsam erreichen wir unsere Ziele!<\/p>\n\t\t\t\t\t\t\t\t<\/div>\n\t\t\t\t<\/div>\n\t\t\t\t\t<\/div>\n\t\t<\/div>\n\t\t\t\t<div class=\"elementor-column elementor-col-50 elementor-top-column elementor-element elementor-element-4la2t4q\" data-id=\"4la2t4q\" data-element_type=\"column\">\n\t\t\t<div class=\"elementor-widget-wrap elementor-element-populated\">\n\t\t\t\t\t\t<div class=\"elementor-element elementor-element-8grd7xs elementor-widget elementor-widget-heading\" data-id=\"8grd7xs\" data-element_type=\"widget\" data-widget_type=\"heading.default\">\n\t\t\t\t<div class=\"elementor-widget-container\">\n\t\t\t\t\t<h3 class=\"elementor-heading-title elementor-size-default\">Personalentwicklung<\/h3>\t\t\t\t<\/div>\n\t\t\t\t<\/div>\n\t\t\t\t<div class=\"elementor-element elementor-element-m8v0sw2 elementor-widget elementor-widget-text-editor\" data-id=\"m8v0sw2\" data-element_type=\"widget\" data-widget_type=\"text-editor.default\">\n\t\t\t\t<div class=\"elementor-widget-container\">\n\t\t\t\t\t\t\t\t\t<p>Spannende Aufgabenstellungen, ein gutes Team sowie die M\u00f6glichkeit pers\u00f6nlich gef\u00f6rdert zu werden \u2013 das bedeutet f\u00fcr Sie arbeiten bei der Bendalis GmbH.<\/p>\n<p>Um unserem eigenen Anspruch sowie den hohen Erwartungen unserer Kunden entsprechen zu k\u00f6nnen, investieren wir gerne in die kontinuierliche Weiterbildung und Qualifikation unserer Mitarbeiter.<\/p>\n<p>Eine enge Identifikation mit dem Unternehmen und ein starker Teamgeist sind die Basis f\u00fcr einen langfristigen Unternehmenserfolg. In Zielvereinbarungsgespr\u00e4chen definieren Vorgesetzte und Mitarbeiter gemeinsam die wesentlichen Individual- oder Team-Ziele und erarbeiten Ma\u00dfnahmen zur direkten Umsetzung.<\/p>\n\t\t\t\t\t\t\t\t<\/div>\n\t\t\t\t<\/div>\n\t\t\t\t\t<\/div>\n\t\t<\/div>\n\t\t\t\t\t<\/div>\n\t\t<\/section>\n\t\t\t\t<section class=\"elementor-section elementor-top-section elementor-element elementor-element-jv85paz elementor-section-stretched elementor-section-boxed elementor-section-height-default elementor-section-height-default\" data-id=\"jv85paz\" data-element_type=\"section\" data-settings=\"{&quot;background_background&quot;:&quot;classic&quot;,&quot;stretch_section&quot;:&quot;section-stretched&quot;}\">\n\t\t\t\t\t\t<div class=\"elementor-container elementor-column-gap-default\">\n\t\t\t\t\t<div class=\"elementor-column elementor-col-100 elementor-top-column elementor-element elementor-element-pbmjm3f\" data-id=\"pbmjm3f\" data-element_type=\"column\" data-settings=\"{&quot;background_background&quot;:&quot;classic&quot;}\">\n\t\t\t<div class=\"elementor-widget-wrap elementor-element-populated\">\n\t\t\t\t\t\t<div class=\"elementor-element elementor-element-5uvnmlq elementor-headline--style-highlight elementor-widget elementor-widget-animated-headline\" data-id=\"5uvnmlq\" data-element_type=\"widget\" data-settings=\"{&quot;marker&quot;:&quot;underline&quot;,&quot;highlighted_text&quot;:&quot;Your Application&quot;,&quot;headline_style&quot;:&quot;highlight&quot;,&quot;loop&quot;:&quot;yes&quot;,&quot;highlight_animation_duration&quot;:1200,&quot;highlight_iteration_delay&quot;:8000}\" data-widget_type=\"animated-headline.default\">\n\t\t\t\t<div class=\"elementor-widget-container\">\n\t\t\t\t\t\t\t<h3 class=\"elementor-headline\">\n\t\t\t\t<span class=\"elementor-headline-dynamic-wrapper elementor-headline-text-wrapper\">\n\t\t\t\t\t<span class=\"elementor-headline-dynamic-text elementor-headline-text-active\">Your Application<\/span>\n\t\t\t\t<\/span>\n\t\t\t\t<\/h3>\n\t\t\t\t\t\t<\/div>\n\t\t\t\t<\/div>\n\t\t\t\t<section class=\"elementor-section elementor-inner-section elementor-element elementor-element-nwf6znf elementor-section-boxed elementor-section-height-default elementor-section-height-default\" data-id=\"nwf6znf\" data-element_type=\"section\">\n\t\t\t\t\t\t<div class=\"elementor-container elementor-column-gap-default\">\n\t\t\t\t\t<div class=\"elementor-column elementor-col-100 elementor-inner-column elementor-element elementor-element-pknu1yx\" data-id=\"pknu1yx\" data-element_type=\"column\">\n\t\t\t<div class=\"elementor-widget-wrap elementor-element-populated\">\n\t\t\t\t\t\t<div class=\"elementor-element elementor-element-lu3u30t elementor-widget elementor-widget-text-editor\" data-id=\"lu3u30t\" data-element_type=\"widget\" data-widget_type=\"text-editor.default\">\n\t\t\t\t<div class=\"elementor-widget-container\">\n\t\t\t\t\t\t\t\t\t<p>Wir freuen uns immer, wenn qualifizierte Bewerber mit uns Kontakt aufnehmen.<\/p>\n<p>Bitte senden Sie Ihre aussagef\u00e4higen Unterlagen mit Lebenslauf, Zeugniskopien, Gehaltswunsch und fr\u00fchestm\u00f6glichem Eintrittstermin an nachfolgende E-Mail-Adresse:<\/p>\n\t\t\t\t\t\t\t\t<\/div>\n\t\t\t\t<\/div>\n\t\t\t\t<div class=\"elementor-element elementor-element-88yjygi elementor-align-center elementor-widget elementor-widget-button\" data-id=\"88yjygi\" data-element_type=\"widget\" data-widget_type=\"button.default\">\n\t\t\t\t<div class=\"elementor-widget-container\">\n\t\t\t\t\t\t\t\t\t<div class=\"elementor-button-wrapper\">\n\t\t\t\t\t<a class=\"elementor-button elementor-button-link elementor-size-sm\" href=\"mailto:personal@bendalis.com\">\n\t\t\t\t\t\t<span class=\"elementor-button-content-wrapper\">\n\t\t\t\t\t\t<span class=\"elementor-button-icon\">\n\t\t\t\t\t\t\t\t\t<i class=\"fa fa-envelope-o\" aria-hidden=\"true\"><\/i>\n\t\t\t\t\t\t\t<\/span>\n\t\t\t\t\t\t\t\t\t<span class=\"elementor-button-text\">personal@bendalis.com<\/span>\n\t\t\t\t\t<\/span>\n\t\t\t\t\t<\/a>\n\t\t\t\t<\/div>\n\t\t\t\t\t\t\t\t<\/div>\n\t\t\t\t<\/div>\n\t\t\t\t\t<\/div>\n\t\t<\/div>\n\t\t\t\t\t<\/div>\n\t\t<\/section>\n\t\t\t\t\t<\/div>\n\t\t<\/div>\n\t\t\t\t\t<\/div>\n\t\t<\/section>\n\t\t\t\t<\/div>\n\t\t","protected":false},"excerpt":{"rendered":"","protected":false},"author":2,"featured_media":1587,"parent":0,"menu_order":0,"comment_status":"closed","ping_status":"closed","template":"","meta":{"generate_page_header":"","footnotes":""},"class_list":["post-1678","page","type-page","status-publish","has-post-thumbnail"],"yoast_head":"<!-- This site is optimized with the Yoast SEO plugin v26.4 - https:\/\/yoast.com\/wordpress\/plugins\/seo\/ -->\n<title>Karriere - Bendalis<\/title>\n<meta name=\"description\" content=\"Planen Sie Ihre Karriere - wir freuen uns auf Ihre qualifizierte Bewerbung.\" \/>\n<meta name=\"robots\" content=\"index, follow, max-snippet:-1, max-image-preview:large, max-video-preview:-1\" \/>\n<link rel=\"canonical\" href=\"https:\/\/bendalis.com\/de\/karriere\/\" \/>\n<meta property=\"og:locale\" content=\"de_DE\" \/>\n<meta property=\"og:type\" content=\"article\" \/>\n<meta property=\"og:title\" content=\"Karriere - Bendalis\" \/>\n<meta property=\"og:description\" content=\"Planen Sie Ihre Karriere - wir freuen uns auf Ihre qualifizierte Bewerbung.\" \/>\n<meta property=\"og:url\" content=\"https:\/\/bendalis.com\/de\/karriere\/\" \/>\n<meta property=\"og:site_name\" content=\"Bendalis\" \/>\n<meta property=\"article:modified_time\" content=\"2018-01-23T12:27:46+00:00\" \/>\n<meta property=\"og:image\" content=\"https:\/\/bendalis.com\/site\/wp-content\/uploads\/careers-header.png\" \/>\n\t<meta property=\"og:image:width\" content=\"3100\" \/>\n\t<meta property=\"og:image:height\" content=\"724\" \/>\n\t<meta property=\"og:image:type\" content=\"image\/png\" \/>\n<meta name=\"twitter:card\" content=\"summary_large_image\" \/>\n<script type=\"application\/ld+json\" class=\"yoast-schema-graph\">{\"@context\":\"https:\/\/schema.org\",\"@graph\":[{\"@type\":\"WebPage\",\"@id\":\"https:\/\/bendalis.com\/de\/karriere\/\",\"url\":\"https:\/\/bendalis.com\/de\/karriere\/\",\"name\":\"Karriere - Bendalis\",\"isPartOf\":{\"@id\":\"https:\/\/bendalis.com\/#website\"},\"primaryImageOfPage\":{\"@id\":\"https:\/\/bendalis.com\/de\/karriere\/#primaryimage\"},\"image\":{\"@id\":\"https:\/\/bendalis.com\/de\/karriere\/#primaryimage\"},\"thumbnailUrl\":\"https:\/\/bendalis.com\/site\/wp-content\/uploads\/careers-header.png\",\"datePublished\":\"2018-01-23T12:26:26+00:00\",\"dateModified\":\"2018-01-23T12:27:46+00:00\",\"description\":\"Planen Sie Ihre Karriere - wir freuen uns auf Ihre qualifizierte Bewerbung.\",\"breadcrumb\":{\"@id\":\"https:\/\/bendalis.com\/de\/karriere\/#breadcrumb\"},\"inLanguage\":\"de\",\"potentialAction\":[{\"@type\":\"ReadAction\",\"target\":[\"https:\/\/bendalis.com\/de\/karriere\/\"]}]},{\"@type\":\"ImageObject\",\"inLanguage\":\"de\",\"@id\":\"https:\/\/bendalis.com\/de\/karriere\/#primaryimage\",\"url\":\"https:\/\/bendalis.com\/site\/wp-content\/uploads\/careers-header.png\",\"contentUrl\":\"https:\/\/bendalis.com\/site\/wp-content\/uploads\/careers-header.png\",\"width\":3100,\"height\":724,\"caption\":\"careers-header\"},{\"@type\":\"BreadcrumbList\",\"@id\":\"https:\/\/bendalis.com\/de\/karriere\/#breadcrumb\",\"itemListElement\":[{\"@type\":\"ListItem\",\"position\":1,\"name\":\"Home\",\"item\":\"https:\/\/bendalis.com\/\"},{\"@type\":\"ListItem\",\"position\":2,\"name\":\"Karriere\"}]},{\"@type\":\"WebSite\",\"@id\":\"https:\/\/bendalis.com\/#website\",\"url\":\"https:\/\/bendalis.com\/\",\"name\":\"Bendalis\",\"description\":\"Pharmaceutical products for haematology, oncology and supportive care\",\"publisher\":{\"@id\":\"https:\/\/bendalis.com\/#organization\"},\"potentialAction\":[{\"@type\":\"SearchAction\",\"target\":{\"@type\":\"EntryPoint\",\"urlTemplate\":\"https:\/\/bendalis.com\/?s={search_term_string}\"},\"query-input\":{\"@type\":\"PropertyValueSpecification\",\"valueRequired\":true,\"valueName\":\"search_term_string\"}}],\"inLanguage\":\"de\"},{\"@type\":\"Organization\",\"@id\":\"https:\/\/bendalis.com\/#organization\",\"name\":\"Bendalis GmbH\",\"url\":\"https:\/\/bendalis.com\/\",\"logo\":{\"@type\":\"ImageObject\",\"inLanguage\":\"de\",\"@id\":\"https:\/\/bendalis.com\/#\/schema\/logo\/image\/\",\"url\":\"https:\/\/bendalis.com\/site\/wp-content\/uploads\/bendalis@2.png\",\"contentUrl\":\"https:\/\/bendalis.com\/site\/wp-content\/uploads\/bendalis@2.png\",\"width\":500,\"height\":162,\"caption\":\"Bendalis GmbH\"},\"image\":{\"@id\":\"https:\/\/bendalis.com\/#\/schema\/logo\/image\/\"},\"sameAs\":[\"https:\/\/www.linkedin.com\/company\/bendalis-gmbh\"]}]}<\/script>\n<!-- \/ Yoast SEO plugin. -->","yoast_head_json":{"title":"Karriere - Bendalis","description":"Planen Sie Ihre Karriere - wir freuen uns auf Ihre qualifizierte Bewerbung.","robots":{"index":"index","follow":"follow","max-snippet":"max-snippet:-1","max-image-preview":"max-image-preview:large","max-video-preview":"max-video-preview:-1"},"canonical":"https:\/\/bendalis.com\/de\/karriere\/","og_locale":"de_DE","og_type":"article","og_title":"Karriere - Bendalis","og_description":"Planen Sie Ihre Karriere - wir freuen uns auf Ihre qualifizierte Bewerbung.","og_url":"https:\/\/bendalis.com\/de\/karriere\/","og_site_name":"Bendalis","article_modified_time":"2018-01-23T12:27:46+00:00","og_image":[{"width":3100,"height":724,"url":"https:\/\/bendalis.com\/site\/wp-content\/uploads\/careers-header.png","type":"image\/png"}],"twitter_card":"summary_large_image","schema":{"@context":"https:\/\/schema.org","@graph":[{"@type":"WebPage","@id":"https:\/\/bendalis.com\/de\/karriere\/","url":"https:\/\/bendalis.com\/de\/karriere\/","name":"Karriere - Bendalis","isPartOf":{"@id":"https:\/\/bendalis.com\/#website"},"primaryImageOfPage":{"@id":"https:\/\/bendalis.com\/de\/karriere\/#primaryimage"},"image":{"@id":"https:\/\/bendalis.com\/de\/karriere\/#primaryimage"},"thumbnailUrl":"https:\/\/bendalis.com\/site\/wp-content\/uploads\/careers-header.png","datePublished":"2018-01-23T12:26:26+00:00","dateModified":"2018-01-23T12:27:46+00:00","description":"Planen Sie Ihre Karriere - wir freuen uns auf Ihre qualifizierte Bewerbung.","breadcrumb":{"@id":"https:\/\/bendalis.com\/de\/karriere\/#breadcrumb"},"inLanguage":"de","potentialAction":[{"@type":"ReadAction","target":["https:\/\/bendalis.com\/de\/karriere\/"]}]},{"@type":"ImageObject","inLanguage":"de","@id":"https:\/\/bendalis.com\/de\/karriere\/#primaryimage","url":"https:\/\/bendalis.com\/site\/wp-content\/uploads\/careers-header.png","contentUrl":"https:\/\/bendalis.com\/site\/wp-content\/uploads\/careers-header.png","width":3100,"height":724,"caption":"careers-header"},{"@type":"BreadcrumbList","@id":"https:\/\/bendalis.com\/de\/karriere\/#breadcrumb","itemListElement":[{"@type":"ListItem","position":1,"name":"Home","item":"https:\/\/bendalis.com\/"},{"@type":"ListItem","position":2,"name":"Karriere"}]},{"@type":"WebSite","@id":"https:\/\/bendalis.com\/#website","url":"https:\/\/bendalis.com\/","name":"Bendalis","description":"Pharmaceutical products for haematology, oncology and supportive care","publisher":{"@id":"https:\/\/bendalis.com\/#organization"},"potentialAction":[{"@type":"SearchAction","target":{"@type":"EntryPoint","urlTemplate":"https:\/\/bendalis.com\/?s={search_term_string}"},"query-input":{"@type":"PropertyValueSpecification","valueRequired":true,"valueName":"search_term_string"}}],"inLanguage":"de"},{"@type":"Organization","@id":"https:\/\/bendalis.com\/#organization","name":"Bendalis GmbH","url":"https:\/\/bendalis.com\/","logo":{"@type":"ImageObject","inLanguage":"de","@id":"https:\/\/bendalis.com\/#\/schema\/logo\/image\/","url":"https:\/\/bendalis.com\/site\/wp-content\/uploads\/bendalis@2.png","contentUrl":"https:\/\/bendalis.com\/site\/wp-content\/uploads\/bendalis@2.png","width":500,"height":162,"caption":"Bendalis GmbH"},"image":{"@id":"https:\/\/bendalis.com\/#\/schema\/logo\/image\/"},"sameAs":["https:\/\/www.linkedin.com\/company\/bendalis-gmbh"]}]}},"_links":{"self":[{"href":"https:\/\/bendalis.com\/de\/wp-json\/wp\/v2\/pages\/1678","targetHints":{"allow":["GET"]}}],"collection":[{"href":"https:\/\/bendalis.com\/de\/wp-json\/wp\/v2\/pages"}],"about":[{"href":"https:\/\/bendalis.com\/de\/wp-json\/wp\/v2\/types\/page"}],"author":[{"embeddable":true,"href":"https:\/\/bendalis.com\/de\/wp-json\/wp\/v2\/users\/2"}],"replies":[{"embeddable":true,"href":"https:\/\/bendalis.com\/de\/wp-json\/wp\/v2\/comments?post=1678"}],"version-history":[{"count":1,"href":"https:\/\/bendalis.com\/de\/wp-json\/wp\/v2\/pages\/1678\/revisions"}],"predecessor-version":[{"id":1679,"href":"https:\/\/bendalis.com\/de\/wp-json\/wp\/v2\/pages\/1678\/revisions\/1679"}],"wp:featuredmedia":[{"embeddable":true,"href":"https:\/\/bendalis.com\/de\/wp-json\/wp\/v2\/media\/1587"}],"wp:attachment":[{"href":"https:\/\/bendalis.com\/de\/wp-json\/wp\/v2\/media?parent=1678"}],"curies":[{"name":"wp","href":"https:\/\/api.w.org\/{rel}","templated":true}]}}