{"id":1689,"date":"2018-01-23T12:59:39","date_gmt":"2018-01-23T12:59:39","guid":{"rendered":"https:\/\/bendalis.com\/produkte\/"},"modified":"2021-01-13T10:47:37","modified_gmt":"2021-01-13T10:47:37","slug":"produkte","status":"publish","type":"page","link":"https:\/\/bendalis.com\/de\/produkte\/","title":{"rendered":"Produkte"},"content":{"rendered":"\t\t<div data-elementor-type=\"wp-post\" data-elementor-id=\"1689\" class=\"elementor elementor-1689 elementor-12 elementor-bc-flex-widget\" data-elementor-post-type=\"page\">\n\t\t\t\t\t\t<section class=\"elementor-section elementor-top-section elementor-element elementor-element-hqgxqgs elementor-section-boxed elementor-section-height-default elementor-section-height-default\" data-id=\"hqgxqgs\" data-element_type=\"section\">\n\t\t\t\t\t\t<div class=\"elementor-container elementor-column-gap-default\">\n\t\t\t\t\t<div class=\"elementor-column elementor-col-100 elementor-top-column elementor-element elementor-element-nhqcnjf\" data-id=\"nhqcnjf\" data-element_type=\"column\">\n\t\t\t<div class=\"elementor-widget-wrap elementor-element-populated\">\n\t\t\t\t\t\t<div class=\"elementor-element elementor-element-bpowssn elementor-widget elementor-widget-heading\" data-id=\"bpowssn\" data-element_type=\"widget\" data-widget_type=\"heading.default\">\n\t\t\t\t<div class=\"elementor-widget-container\">\n\t\t\t\t\t<h3 class=\"elementor-heading-title elementor-size-default\">Onkologie<\/h3>\t\t\t\t<\/div>\n\t\t\t\t<\/div>\n\t\t\t\t<div class=\"elementor-element elementor-element-eziczyq elementor-widget elementor-widget-text-editor\" data-id=\"eziczyq\" data-element_type=\"widget\" data-widget_type=\"text-editor.default\">\n\t\t\t\t<div class=\"elementor-widget-container\">\n\t\t\t\t\t\t\t\t\t<h4><img fetchpriority=\"high\" decoding=\"async\" class=\"size-medium alignleft\" src=\"https:\/\/bendalis.com\/site\/wp-content\/uploads\/IMG_3931-1024x683.jpg\" width=\"1024\" height=\"683\" \/>Wir verf\u00fcgen \u00fcber eine breite Palette etablierter Generika-Onkologie-Produkte, f\u00fcr die wir entweder eine eigene Marktzulassung besitzen oder eine Vertriebslizenz besitzen.<\/h4><p>Bei all diesen Produkten legen wir gr\u00f6\u00dften Wert auf Qualit\u00e4t und Arzneimittelsicherheit. Wir \u00fcberpr\u00fcfen regelm\u00e4\u00dfig alle Vertragshersteller auf \u00dcbereinstimmung mit nationalen und internationalen Standards (EU-GMP-Richtlinien und FDA-Standards), bevor sie als zugelassene Lieferanten akzeptiert werden k\u00f6nnen.<\/p><p>Im Interesse des Verbraucherschutzes ist die Kommunikation \u00fcber verschreibungspflichtige Arzneimittel durch das Arzneimittelwerbegesetz eingeschr\u00e4nkt. Detaillierte Informationen d\u00fcrfen nur Angeh\u00f6rigen der medizinischen Berufe zur Verf\u00fcgung gestellt werden.<\/p><p>\u00a0<\/p><h3>Produktinformationen f\u00fcr Fachkreise:<\/h3><p>\u00dcber folgende Informationsportale k\u00f6nnen Sie sich die Fach- und Gebrauchsinformationen unserer Produkte ansehen und herunterladen:<\/p><ul><li><a href=\"https:\/\/abdata.de\/\" target=\"_blank\" rel=\"noopener\">Abdata<\/a><\/li><li><a href=\"https:\/\/www.gelbe-liste.de\/\" target=\"_blank\" rel=\"noopener\">Gelbe Liste<\/a><\/li><li><a href=\"https:\/\/www.ifaffm.de\/\" target=\"_blank\" rel=\"noopener\">IFA<\/a><\/li><li><a href=\"https:\/\/www.ifap.de\/\" target=\"_blank\" rel=\"noopener\">Ifap<\/a><\/li><li><a href=\"https:\/\/www.sanvartis.de\/\" target=\"_blank\" rel=\"noopener\">Sanvartis<\/a><\/li><\/ul>\t\t\t\t\t\t\t\t<\/div>\n\t\t\t\t<\/div>\n\t\t\t\t\t<\/div>\n\t\t<\/div>\n\t\t\t\t\t<\/div>\n\t\t<\/section>\n\t\t\t\t<section class=\"elementor-section elementor-top-section elementor-element elementor-element-cqwtkbc elementor-section-stretched elementor-section-boxed elementor-section-height-default elementor-section-height-default\" data-id=\"cqwtkbc\" data-element_type=\"section\" data-settings=\"{&quot;stretch_section&quot;:&quot;section-stretched&quot;,&quot;background_background&quot;:&quot;gradient&quot;}\">\n\t\t\t\t\t\t\t<div class=\"elementor-background-overlay\"><\/div>\n\t\t\t\t\t\t\t<div class=\"elementor-container elementor-column-gap-default\">\n\t\t\t\t\t<div class=\"elementor-column elementor-col-100 elementor-top-column elementor-element elementor-element-q6oq32q\" data-id=\"q6oq32q\" data-element_type=\"column\">\n\t\t\t<div class=\"elementor-widget-wrap elementor-element-populated\">\n\t\t\t\t\t\t<div class=\"elementor-element elementor-element-jtc87s4 elementor-widget elementor-widget-menu-anchor\" data-id=\"jtc87s4\" data-element_type=\"widget\" data-widget_type=\"menu-anchor.default\">\n\t\t\t\t<div class=\"elementor-widget-container\">\n\t\t\t\t\t\t\t<div class=\"elementor-menu-anchor\" id=\"supportive-care\"><\/div>\n\t\t\t\t\t\t<\/div>\n\t\t\t\t<\/div>\n\t\t\t\t<div class=\"elementor-element elementor-element-kfh4xyk elementor-blockquote--skin-quotation elementor-blockquote--align-center elementor-widget elementor-widget-blockquote\" data-id=\"kfh4xyk\" data-element_type=\"widget\" data-widget_type=\"blockquote.default\">\n\t\t\t\t<div class=\"elementor-widget-container\">\n\t\t\t\t\t\t\t<blockquote class=\"elementor-blockquote\">\n\t\t\t<p class=\"elementor-blockquote__content\">\n\t\t\t\tHochwertige Produkte und h\u00f6chste Arzneimittelsicherheit.\n\t\t\t<\/p>\n\t\t\t\t\t<\/blockquote>\n\t\t\t\t\t\t<\/div>\n\t\t\t\t<\/div>\n\t\t\t\t\t<\/div>\n\t\t<\/div>\n\t\t\t\t\t<\/div>\n\t\t<\/section>\n\t\t\t\t<\/div>\n\t\t","protected":false},"excerpt":{"rendered":"<p>Onkologie Wir verf\u00fcgen \u00fcber eine breite Palette etablierter Generika-Onkologie-Produkte, f\u00fcr die wir entweder eine eigene Marktzulassung besitzen oder eine Vertriebslizenz besitzen. Bei all diesen Produkten legen wir gr\u00f6\u00dften Wert auf Qualit\u00e4t und Arzneimittelsicherheit. Wir \u00fcberpr\u00fcfen regelm\u00e4\u00dfig alle Vertragshersteller auf \u00dcbereinstimmung mit nationalen und internationalen Standards (EU-GMP-Richtlinien und FDA-Standards), bevor sie als zugelassene Lieferanten akzeptiert werden &#8230; <a title=\"Produkte\" class=\"read-more\" href=\"https:\/\/bendalis.com\/de\/produkte\/\" aria-label=\"Mehr zu Produkte\">Weiterlesen &#8230;<\/a><\/p>\n","protected":false},"author":2,"featured_media":1637,"parent":0,"menu_order":0,"comment_status":"closed","ping_status":"closed","template":"","meta":{"generate_page_header":"","footnotes":""},"class_list":["post-1689","page","type-page","status-publish","has-post-thumbnail"],"yoast_head":"<!-- This site is optimized with the Yoast SEO plugin v26.4 - https:\/\/yoast.com\/wordpress\/plugins\/seo\/ -->\n<title>Produkte - Bendalis<\/title>\n<meta name=\"description\" content=\"Hochwertige Produkte und strenge Qualit\u00e4tskontrollen\" \/>\n<meta name=\"robots\" content=\"index, follow, max-snippet:-1, max-image-preview:large, max-video-preview:-1\" \/>\n<link rel=\"canonical\" href=\"https:\/\/bendalis.com\/de\/produkte\/\" \/>\n<meta property=\"og:locale\" content=\"de_DE\" \/>\n<meta property=\"og:type\" content=\"article\" \/>\n<meta property=\"og:title\" content=\"Produkte - Bendalis\" \/>\n<meta property=\"og:description\" content=\"Hochwertige Produkte und strenge Qualit\u00e4tskontrollen\" \/>\n<meta property=\"og:url\" content=\"https:\/\/bendalis.com\/de\/produkte\/\" \/>\n<meta property=\"og:site_name\" content=\"Bendalis\" \/>\n<meta property=\"article:modified_time\" content=\"2021-01-13T10:47:37+00:00\" \/>\n<meta property=\"og:image\" content=\"https:\/\/bendalis.com\/site\/wp-content\/uploads\/product-header.png\" \/>\n\t<meta property=\"og:image:width\" content=\"3100\" \/>\n\t<meta property=\"og:image:height\" content=\"724\" \/>\n\t<meta property=\"og:image:type\" content=\"image\/png\" \/>\n<meta name=\"twitter:card\" content=\"summary_large_image\" \/>\n<meta name=\"twitter:label1\" content=\"Gesch\u00e4tzte Lesezeit\" \/>\n\t<meta name=\"twitter:data1\" content=\"1\u00a0Minute\" \/>\n<script type=\"application\/ld+json\" class=\"yoast-schema-graph\">{\"@context\":\"https:\/\/schema.org\",\"@graph\":[{\"@type\":\"WebPage\",\"@id\":\"https:\/\/bendalis.com\/de\/produkte\/\",\"url\":\"https:\/\/bendalis.com\/de\/produkte\/\",\"name\":\"Produkte - Bendalis\",\"isPartOf\":{\"@id\":\"https:\/\/bendalis.com\/#website\"},\"primaryImageOfPage\":{\"@id\":\"https:\/\/bendalis.com\/de\/produkte\/#primaryimage\"},\"image\":{\"@id\":\"https:\/\/bendalis.com\/de\/produkte\/#primaryimage\"},\"thumbnailUrl\":\"https:\/\/bendalis.com\/site\/wp-content\/uploads\/product-header.png\",\"datePublished\":\"2018-01-23T12:59:39+00:00\",\"dateModified\":\"2021-01-13T10:47:37+00:00\",\"description\":\"Hochwertige Produkte und strenge Qualit\u00e4tskontrollen\",\"breadcrumb\":{\"@id\":\"https:\/\/bendalis.com\/de\/produkte\/#breadcrumb\"},\"inLanguage\":\"de\",\"potentialAction\":[{\"@type\":\"ReadAction\",\"target\":[\"https:\/\/bendalis.com\/de\/produkte\/\"]}]},{\"@type\":\"ImageObject\",\"inLanguage\":\"de\",\"@id\":\"https:\/\/bendalis.com\/de\/produkte\/#primaryimage\",\"url\":\"https:\/\/bendalis.com\/site\/wp-content\/uploads\/product-header.png\",\"contentUrl\":\"https:\/\/bendalis.com\/site\/wp-content\/uploads\/product-header.png\",\"width\":3100,\"height\":724,\"caption\":\"product-header\"},{\"@type\":\"BreadcrumbList\",\"@id\":\"https:\/\/bendalis.com\/de\/produkte\/#breadcrumb\",\"itemListElement\":[{\"@type\":\"ListItem\",\"position\":1,\"name\":\"Home\",\"item\":\"https:\/\/bendalis.com\/\"},{\"@type\":\"ListItem\",\"position\":2,\"name\":\"Produkte\"}]},{\"@type\":\"WebSite\",\"@id\":\"https:\/\/bendalis.com\/#website\",\"url\":\"https:\/\/bendalis.com\/\",\"name\":\"Bendalis\",\"description\":\"Pharmaceutical products for haematology, oncology and supportive care\",\"publisher\":{\"@id\":\"https:\/\/bendalis.com\/#organization\"},\"potentialAction\":[{\"@type\":\"SearchAction\",\"target\":{\"@type\":\"EntryPoint\",\"urlTemplate\":\"https:\/\/bendalis.com\/?s={search_term_string}\"},\"query-input\":{\"@type\":\"PropertyValueSpecification\",\"valueRequired\":true,\"valueName\":\"search_term_string\"}}],\"inLanguage\":\"de\"},{\"@type\":\"Organization\",\"@id\":\"https:\/\/bendalis.com\/#organization\",\"name\":\"Bendalis GmbH\",\"url\":\"https:\/\/bendalis.com\/\",\"logo\":{\"@type\":\"ImageObject\",\"inLanguage\":\"de\",\"@id\":\"https:\/\/bendalis.com\/#\/schema\/logo\/image\/\",\"url\":\"https:\/\/bendalis.com\/site\/wp-content\/uploads\/bendalis@2.png\",\"contentUrl\":\"https:\/\/bendalis.com\/site\/wp-content\/uploads\/bendalis@2.png\",\"width\":500,\"height\":162,\"caption\":\"Bendalis GmbH\"},\"image\":{\"@id\":\"https:\/\/bendalis.com\/#\/schema\/logo\/image\/\"},\"sameAs\":[\"https:\/\/www.linkedin.com\/company\/bendalis-gmbh\"]}]}<\/script>\n<!-- \/ Yoast SEO plugin. -->","yoast_head_json":{"title":"Produkte - Bendalis","description":"Hochwertige Produkte und strenge Qualit\u00e4tskontrollen","robots":{"index":"index","follow":"follow","max-snippet":"max-snippet:-1","max-image-preview":"max-image-preview:large","max-video-preview":"max-video-preview:-1"},"canonical":"https:\/\/bendalis.com\/de\/produkte\/","og_locale":"de_DE","og_type":"article","og_title":"Produkte - Bendalis","og_description":"Hochwertige Produkte und strenge Qualit\u00e4tskontrollen","og_url":"https:\/\/bendalis.com\/de\/produkte\/","og_site_name":"Bendalis","article_modified_time":"2021-01-13T10:47:37+00:00","og_image":[{"width":3100,"height":724,"url":"https:\/\/bendalis.com\/site\/wp-content\/uploads\/product-header.png","type":"image\/png"}],"twitter_card":"summary_large_image","twitter_misc":{"Gesch\u00e4tzte Lesezeit":"1\u00a0Minute"},"schema":{"@context":"https:\/\/schema.org","@graph":[{"@type":"WebPage","@id":"https:\/\/bendalis.com\/de\/produkte\/","url":"https:\/\/bendalis.com\/de\/produkte\/","name":"Produkte - Bendalis","isPartOf":{"@id":"https:\/\/bendalis.com\/#website"},"primaryImageOfPage":{"@id":"https:\/\/bendalis.com\/de\/produkte\/#primaryimage"},"image":{"@id":"https:\/\/bendalis.com\/de\/produkte\/#primaryimage"},"thumbnailUrl":"https:\/\/bendalis.com\/site\/wp-content\/uploads\/product-header.png","datePublished":"2018-01-23T12:59:39+00:00","dateModified":"2021-01-13T10:47:37+00:00","description":"Hochwertige Produkte und strenge Qualit\u00e4tskontrollen","breadcrumb":{"@id":"https:\/\/bendalis.com\/de\/produkte\/#breadcrumb"},"inLanguage":"de","potentialAction":[{"@type":"ReadAction","target":["https:\/\/bendalis.com\/de\/produkte\/"]}]},{"@type":"ImageObject","inLanguage":"de","@id":"https:\/\/bendalis.com\/de\/produkte\/#primaryimage","url":"https:\/\/bendalis.com\/site\/wp-content\/uploads\/product-header.png","contentUrl":"https:\/\/bendalis.com\/site\/wp-content\/uploads\/product-header.png","width":3100,"height":724,"caption":"product-header"},{"@type":"BreadcrumbList","@id":"https:\/\/bendalis.com\/de\/produkte\/#breadcrumb","itemListElement":[{"@type":"ListItem","position":1,"name":"Home","item":"https:\/\/bendalis.com\/"},{"@type":"ListItem","position":2,"name":"Produkte"}]},{"@type":"WebSite","@id":"https:\/\/bendalis.com\/#website","url":"https:\/\/bendalis.com\/","name":"Bendalis","description":"Pharmaceutical products for haematology, oncology and supportive care","publisher":{"@id":"https:\/\/bendalis.com\/#organization"},"potentialAction":[{"@type":"SearchAction","target":{"@type":"EntryPoint","urlTemplate":"https:\/\/bendalis.com\/?s={search_term_string}"},"query-input":{"@type":"PropertyValueSpecification","valueRequired":true,"valueName":"search_term_string"}}],"inLanguage":"de"},{"@type":"Organization","@id":"https:\/\/bendalis.com\/#organization","name":"Bendalis GmbH","url":"https:\/\/bendalis.com\/","logo":{"@type":"ImageObject","inLanguage":"de","@id":"https:\/\/bendalis.com\/#\/schema\/logo\/image\/","url":"https:\/\/bendalis.com\/site\/wp-content\/uploads\/bendalis@2.png","contentUrl":"https:\/\/bendalis.com\/site\/wp-content\/uploads\/bendalis@2.png","width":500,"height":162,"caption":"Bendalis GmbH"},"image":{"@id":"https:\/\/bendalis.com\/#\/schema\/logo\/image\/"},"sameAs":["https:\/\/www.linkedin.com\/company\/bendalis-gmbh"]}]}},"_links":{"self":[{"href":"https:\/\/bendalis.com\/de\/wp-json\/wp\/v2\/pages\/1689","targetHints":{"allow":["GET"]}}],"collection":[{"href":"https:\/\/bendalis.com\/de\/wp-json\/wp\/v2\/pages"}],"about":[{"href":"https:\/\/bendalis.com\/de\/wp-json\/wp\/v2\/types\/page"}],"author":[{"embeddable":true,"href":"https:\/\/bendalis.com\/de\/wp-json\/wp\/v2\/users\/2"}],"replies":[{"embeddable":true,"href":"https:\/\/bendalis.com\/de\/wp-json\/wp\/v2\/comments?post=1689"}],"version-history":[{"count":11,"href":"https:\/\/bendalis.com\/de\/wp-json\/wp\/v2\/pages\/1689\/revisions"}],"predecessor-version":[{"id":2037,"href":"https:\/\/bendalis.com\/de\/wp-json\/wp\/v2\/pages\/1689\/revisions\/2037"}],"wp:featuredmedia":[{"embeddable":true,"href":"https:\/\/bendalis.com\/de\/wp-json\/wp\/v2\/media\/1637"}],"wp:attachment":[{"href":"https:\/\/bendalis.com\/de\/wp-json\/wp\/v2\/media?parent=1689"}],"curies":[{"name":"wp","href":"https:\/\/api.w.org\/{rel}","templated":true}]}}