{"id":1696,"date":"2018-01-23T13:20:19","date_gmt":"2018-01-23T13:20:19","guid":{"rendered":"https:\/\/bendalis.com\/willkommen-bei-bendalis\/"},"modified":"2023-04-11T12:47:11","modified_gmt":"2023-04-11T12:47:11","slug":"willkommen-bei-bendalis","status":"publish","type":"page","link":"https:\/\/bendalis.com\/de\/","title":{"rendered":"Willkommen bei Bendalis!"},"content":{"rendered":"\t\t<div data-elementor-type=\"wp-post\" data-elementor-id=\"1696\" class=\"elementor elementor-1696 elementor-1224\" data-elementor-post-type=\"page\">\n\t\t\t\t\t\t<section class=\"elementor-section elementor-top-section elementor-element elementor-element-892b185 elementor-section-stretched elementor-section-boxed elementor-section-height-default elementor-section-height-default\" data-id=\"892b185\" data-element_type=\"section\" data-settings=\"{&quot;stretch_section&quot;:&quot;section-stretched&quot;,&quot;background_background&quot;:&quot;gradient&quot;}\">\n\t\t\t\t\t\t\t<div class=\"elementor-background-overlay\"><\/div>\n\t\t\t\t\t\t\t<div class=\"elementor-container elementor-column-gap-default\">\n\t\t\t\t\t<div class=\"elementor-column elementor-col-33 elementor-top-column elementor-element elementor-element-31e461d5 elementor-invisible\" data-id=\"31e461d5\" data-element_type=\"column\" data-settings=\"{&quot;animation&quot;:&quot;fadeIn&quot;}\">\n\t\t\t<div class=\"elementor-widget-wrap elementor-element-populated\">\n\t\t\t\t\t\t<div class=\"elementor-element elementor-element-3147d2fb elementor-widget elementor-widget-heading\" data-id=\"3147d2fb\" data-element_type=\"widget\" data-widget_type=\"heading.default\">\n\t\t\t\t<div class=\"elementor-widget-container\">\n\t\t\t\t\t<h2 class=\"elementor-heading-title elementor-size-default\">Unternehmen<\/h2>\t\t\t\t<\/div>\n\t\t\t\t<\/div>\n\t\t\t\t<div class=\"elementor-element elementor-element-9719b70 elementor-widget-divider--view-line elementor-widget elementor-widget-divider\" data-id=\"9719b70\" data-element_type=\"widget\" data-widget_type=\"divider.default\">\n\t\t\t\t<div class=\"elementor-widget-container\">\n\t\t\t\t\t\t\t<div class=\"elementor-divider\">\n\t\t\t<span class=\"elementor-divider-separator\">\n\t\t\t\t\t\t<\/span>\n\t\t<\/div>\n\t\t\t\t\t\t<\/div>\n\t\t\t\t<\/div>\n\t\t\t\t<div class=\"elementor-element elementor-element-2bddc7b7 elementor-widget elementor-widget-text-editor\" data-id=\"2bddc7b7\" data-element_type=\"widget\" data-widget_type=\"text-editor.default\">\n\t\t\t\t<div class=\"elementor-widget-container\">\n\t\t\t\t\t\t\t\t\t<p>Wir sind spezialisiert auf die Entwicklung und Vermarktung von hochwertigen, onkologischen Arzneimitteln zur Behandlung von Krebserkrankungen.<\/p>\t\t\t\t\t\t\t\t<\/div>\n\t\t\t\t<\/div>\n\t\t\t\t<div class=\"elementor-element elementor-element-22d4cffb elementor-widget elementor-widget-button\" data-id=\"22d4cffb\" data-element_type=\"widget\" data-widget_type=\"button.default\">\n\t\t\t\t<div class=\"elementor-widget-container\">\n\t\t\t\t\t\t\t\t\t<div class=\"elementor-button-wrapper\">\n\t\t\t\t\t<a class=\"elementor-button elementor-button-link elementor-size-sm\" href=\"https:\/\/bendalis.com\/de\/unternehmen\/\">\n\t\t\t\t\t\t<span class=\"elementor-button-content-wrapper\">\n\t\t\t\t\t\t<span class=\"elementor-button-icon\">\n\t\t\t\t\t\t\t\t\t<i class=\"fa fa-arrow-circle-right\" aria-hidden=\"true\"><\/i>\n\t\t\t\t\t\t\t<\/span>\n\t\t\t\t\t\t\t\t\t<span class=\"elementor-button-text\">Mehr erfahren<\/span>\n\t\t\t\t\t<\/span>\n\t\t\t\t\t<\/a>\n\t\t\t\t<\/div>\n\t\t\t\t\t\t\t\t<\/div>\n\t\t\t\t<\/div>\n\t\t\t\t\t<\/div>\n\t\t<\/div>\n\t\t\t\t<div class=\"elementor-column elementor-col-33 elementor-top-column elementor-element elementor-element-70d7aeea elementor-invisible\" data-id=\"70d7aeea\" data-element_type=\"column\" data-settings=\"{&quot;animation&quot;:&quot;fadeIn&quot;,&quot;background_background&quot;:&quot;classic&quot;,&quot;animation_delay&quot;:250}\">\n\t\t\t<div class=\"elementor-widget-wrap elementor-element-populated\">\n\t\t\t\t\t<div class=\"elementor-background-overlay\"><\/div>\n\t\t\t\t\t\t<div class=\"elementor-element elementor-element-43c9f6df elementor-widget elementor-widget-heading\" data-id=\"43c9f6df\" data-element_type=\"widget\" data-widget_type=\"heading.default\">\n\t\t\t\t<div class=\"elementor-widget-container\">\n\t\t\t\t\t<h2 class=\"elementor-heading-title elementor-size-default\">Produkte<\/h2>\t\t\t\t<\/div>\n\t\t\t\t<\/div>\n\t\t\t\t<div class=\"elementor-element elementor-element-d769e39 elementor-widget-divider--view-line elementor-widget elementor-widget-divider\" data-id=\"d769e39\" data-element_type=\"widget\" data-widget_type=\"divider.default\">\n\t\t\t\t<div class=\"elementor-widget-container\">\n\t\t\t\t\t\t\t<div class=\"elementor-divider\">\n\t\t\t<span class=\"elementor-divider-separator\">\n\t\t\t\t\t\t<\/span>\n\t\t<\/div>\n\t\t\t\t\t\t<\/div>\n\t\t\t\t<\/div>\n\t\t\t\t<div class=\"elementor-element elementor-element-b8fd63c elementor-widget elementor-widget-text-editor\" data-id=\"b8fd63c\" data-element_type=\"widget\" data-widget_type=\"text-editor.default\">\n\t\t\t\t<div class=\"elementor-widget-container\">\n\t\t\t\t\t\t\t\t\t<p>Bendalis bietet eine breite Palette von etablierten generischen Onkologieprodukten an. Bei all diesen Produkten legen wir gr\u00f6\u00dften Wert auf Qualit\u00e4t und Arzneimittelsicherheit.<\/p>\n\t\t\t\t\t\t\t\t<\/div>\n\t\t\t\t<\/div>\n\t\t\t\t<div class=\"elementor-element elementor-element-46e7e25f elementor-widget elementor-widget-button\" data-id=\"46e7e25f\" data-element_type=\"widget\" data-widget_type=\"button.default\">\n\t\t\t\t<div class=\"elementor-widget-container\">\n\t\t\t\t\t\t\t\t\t<div class=\"elementor-button-wrapper\">\n\t\t\t\t\t<a class=\"elementor-button elementor-button-link elementor-size-sm\" href=\"https:\/\/bendalis.com\/de\/produkte\/\">\n\t\t\t\t\t\t<span class=\"elementor-button-content-wrapper\">\n\t\t\t\t\t\t<span class=\"elementor-button-icon\">\n\t\t\t\t\t\t\t\t\t<i class=\"fa fa-arrow-circle-right\" aria-hidden=\"true\"><\/i>\n\t\t\t\t\t\t\t<\/span>\n\t\t\t\t\t\t\t\t\t<span class=\"elementor-button-text\">Mehr erfahren<\/span>\n\t\t\t\t\t<\/span>\n\t\t\t\t\t<\/a>\n\t\t\t\t<\/div>\n\t\t\t\t\t\t\t\t<\/div>\n\t\t\t\t<\/div>\n\t\t\t\t\t<\/div>\n\t\t<\/div>\n\t\t\t\t<div class=\"elementor-column elementor-col-33 elementor-top-column elementor-element elementor-element-6d7f7cb8 elementor-invisible\" data-id=\"6d7f7cb8\" data-element_type=\"column\" data-settings=\"{&quot;animation&quot;:&quot;fadeIn&quot;,&quot;background_background&quot;:&quot;classic&quot;,&quot;animation_delay&quot;:500}\">\n\t\t\t<div class=\"elementor-widget-wrap elementor-element-populated\">\n\t\t\t\t\t\t<div class=\"elementor-element elementor-element-174af644 elementor-widget elementor-widget-heading\" data-id=\"174af644\" data-element_type=\"widget\" data-widget_type=\"heading.default\">\n\t\t\t\t<div class=\"elementor-widget-container\">\n\t\t\t\t\t<h2 class=\"elementor-heading-title elementor-size-default\">Qualit\u00e4tsmanagement<\/h2>\t\t\t\t<\/div>\n\t\t\t\t<\/div>\n\t\t\t\t<div class=\"elementor-element elementor-element-09e048f elementor-widget-divider--view-line elementor-widget elementor-widget-divider\" data-id=\"09e048f\" data-element_type=\"widget\" data-widget_type=\"divider.default\">\n\t\t\t\t<div class=\"elementor-widget-container\">\n\t\t\t\t\t\t\t<div class=\"elementor-divider\">\n\t\t\t<span class=\"elementor-divider-separator\">\n\t\t\t\t\t\t<\/span>\n\t\t<\/div>\n\t\t\t\t\t\t<\/div>\n\t\t\t\t<\/div>\n\t\t\t\t<div class=\"elementor-element elementor-element-8e73b3b elementor-widget elementor-widget-text-editor\" data-id=\"8e73b3b\" data-element_type=\"widget\" data-widget_type=\"text-editor.default\">\n\t\t\t\t<div class=\"elementor-widget-container\">\n\t\t\t\t\t\t\t\t\t<p>Qualit\u00e4t ist von sehr hoher Bedeutung f\u00fcr die Bendalis GmbH. Sie k\u00f6nnen sich auch auf unser Engagement verlassen, uns kontinuierlich immer weiter zu verbessern und Ihre Zufriedenheit zu erh\u00f6hen.<\/p>\t\t\t\t\t\t\t\t<\/div>\n\t\t\t\t<\/div>\n\t\t\t\t<div class=\"elementor-element elementor-element-488ecd30 elementor-widget elementor-widget-button\" data-id=\"488ecd30\" data-element_type=\"widget\" data-widget_type=\"button.default\">\n\t\t\t\t<div class=\"elementor-widget-container\">\n\t\t\t\t\t\t\t\t\t<div class=\"elementor-button-wrapper\">\n\t\t\t\t\t<a class=\"elementor-button elementor-button-link elementor-size-sm\" href=\"https:\/\/bendalis.com\/de\/unternehmen\/\">\n\t\t\t\t\t\t<span class=\"elementor-button-content-wrapper\">\n\t\t\t\t\t\t<span class=\"elementor-button-icon\">\n\t\t\t\t\t\t\t\t\t<i class=\"fa fa-arrow-circle-right\" aria-hidden=\"true\"><\/i>\n\t\t\t\t\t\t\t<\/span>\n\t\t\t\t\t\t\t\t\t<span class=\"elementor-button-text\">Mehr erfahren<\/span>\n\t\t\t\t\t<\/span>\n\t\t\t\t\t<\/a>\n\t\t\t\t<\/div>\n\t\t\t\t\t\t\t\t<\/div>\n\t\t\t\t<\/div>\n\t\t\t\t\t<\/div>\n\t\t<\/div>\n\t\t\t\t\t<\/div>\n\t\t<\/section>\n\t\t\t\t<section class=\"elementor-section elementor-top-section elementor-element elementor-element-728117e9 elementor-section-stretched elementor-section-boxed elementor-section-height-default elementor-section-height-default\" data-id=\"728117e9\" data-element_type=\"section\" data-settings=\"{&quot;stretch_section&quot;:&quot;section-stretched&quot;,&quot;background_background&quot;:&quot;classic&quot;}\">\n\t\t\t\t\t\t\t<div class=\"elementor-background-overlay\"><\/div>\n\t\t\t\t\t\t\t<div class=\"elementor-container elementor-column-gap-default\">\n\t\t\t\t\t<div class=\"elementor-column elementor-col-100 elementor-top-column elementor-element elementor-element-24834280\" data-id=\"24834280\" data-element_type=\"column\">\n\t\t\t<div class=\"elementor-widget-wrap elementor-element-populated\">\n\t\t\t\t\t\t<div class=\"elementor-element elementor-element-b2f2667 elementor-widget elementor-widget-heading\" data-id=\"b2f2667\" data-element_type=\"widget\" data-widget_type=\"heading.default\">\n\t\t\t\t<div class=\"elementor-widget-container\">\n\t\t\t\t\t<h2 class=\"elementor-heading-title elementor-size-default\">Aktuelles<\/h2>\t\t\t\t<\/div>\n\t\t\t\t<\/div>\n\t\t\t\t<div class=\"elementor-element elementor-element-2bf8df82 elementor-grid-tablet-3 elementor-grid-3 elementor-grid-mobile-1 elementor-posts--thumbnail-top elementor-card-shadow-yes elementor-posts__hover-gradient elementor-widget elementor-widget-posts\" data-id=\"2bf8df82\" data-element_type=\"widget\" data-settings=\"{&quot;cards_columns_tablet&quot;:&quot;3&quot;,&quot;cards_row_gap&quot;:{&quot;unit&quot;:&quot;px&quot;,&quot;size&quot;:15,&quot;sizes&quot;:[]},&quot;cards_columns&quot;:&quot;3&quot;,&quot;cards_columns_mobile&quot;:&quot;1&quot;,&quot;cards_row_gap_tablet&quot;:{&quot;unit&quot;:&quot;px&quot;,&quot;size&quot;:&quot;&quot;,&quot;sizes&quot;:[]},&quot;cards_row_gap_mobile&quot;:{&quot;unit&quot;:&quot;px&quot;,&quot;size&quot;:&quot;&quot;,&quot;sizes&quot;:[]}}\" data-widget_type=\"posts.cards\">\n\t\t\t\t<div class=\"elementor-widget-container\">\n\t\t\t\t\t\t\t<div class=\"elementor-posts-container elementor-posts elementor-posts--skin-cards elementor-grid\" role=\"list\">\n\t\t\t\t<article class=\"elementor-post elementor-grid-item post-2156 post type-post status-publish format-standard has-post-thumbnail hentry category-aktuelles tag-bendalis tag-bendalis-gmbh-2 tag-inresa-2 tag-somatostatin-2 tag-somatostatin-3mg-2 tag-somatostatin-acetat tag-somatostatin-lyomark-3mg-2 generate-columns tablet-grid-50 mobile-grid-100 grid-parent grid-33\" role=\"listitem\">\n\t\t\t<div class=\"elementor-post__card\">\n\t\t\t\t<a class=\"elementor-post__thumbnail__link\" href=\"https:\/\/bendalis.com\/de\/somatostatin-lyomark-3-mg_inresa_bendalis\/\" tabindex=\"-1\" ><div class=\"elementor-post__thumbnail\"><img fetchpriority=\"high\" decoding=\"async\" width=\"1920\" height=\"1080\" src=\"https:\/\/bendalis.com\/site\/wp-content\/uploads\/Somatostatin-links_RGB.jpg\" class=\"attachment-full size-full wp-image-2183\" alt=\"\" srcset=\"https:\/\/bendalis.com\/site\/wp-content\/uploads\/Somatostatin-links_RGB.jpg 1920w, https:\/\/bendalis.com\/site\/wp-content\/uploads\/Somatostatin-links_RGB-300x169.jpg 300w, https:\/\/bendalis.com\/site\/wp-content\/uploads\/Somatostatin-links_RGB-1024x576.jpg 1024w, https:\/\/bendalis.com\/site\/wp-content\/uploads\/Somatostatin-links_RGB-768x432.jpg 768w, https:\/\/bendalis.com\/site\/wp-content\/uploads\/Somatostatin-links_RGB-1536x864.jpg 1536w\" sizes=\"(max-width: 1920px) 100vw, 1920px\" \/><\/div><\/a>\n\t\t\t\t<div class=\"elementor-post__badge\">Aktuelles<\/div>\n\t\t\t\t<div class=\"elementor-post__text\">\n\t\t\t\t<h3 class=\"elementor-post__title\">\n\t\t\t<a href=\"https:\/\/bendalis.com\/de\/somatostatin-lyomark-3-mg_inresa_bendalis\/\" >\n\t\t\t\tSomatostatin Lyomark 3 mg: Vertriebspartnerschaft mit Inresa Arzneimittel\t\t\t<\/a>\n\t\t<\/h3>\n\t\t\t\t<\/div>\n\t\t\t\t<div class=\"elementor-post__meta-data\">\n\t\t\t\t\t<span class=\"elementor-post-date\">\n\t\t\t08\/12\/2023\t\t<\/span>\n\t\t\t\t<\/div>\n\t\t\t\t\t<\/div>\n\t\t<\/article>\n\t\t\t\t<article class=\"elementor-post elementor-grid-item post-2072 post type-post status-publish format-standard has-post-thumbnail hentry category-aktuelles generate-columns tablet-grid-50 mobile-grid-100 grid-parent grid-33\" role=\"listitem\">\n\t\t\t<div class=\"elementor-post__card\">\n\t\t\t\t<a class=\"elementor-post__thumbnail__link\" href=\"https:\/\/bendalis.com\/de\/wechsel-in-der-geschaeftsfuehrung-bei-der-bendalis-gmbh-und-lyomark-pharma-gmbh-2\/\" tabindex=\"-1\" ><div class=\"elementor-post__thumbnail\"><img decoding=\"async\" width=\"250\" height=\"104\" src=\"https:\/\/bendalis.com\/site\/wp-content\/uploads\/Bendalis_Logo_klein.jpg\" class=\"attachment-full size-full wp-image-1952\" alt=\"\" \/><\/div><\/a>\n\t\t\t\t<div class=\"elementor-post__badge\">Aktuelles<\/div>\n\t\t\t\t<div class=\"elementor-post__text\">\n\t\t\t\t<h3 class=\"elementor-post__title\">\n\t\t\t<a href=\"https:\/\/bendalis.com\/de\/wechsel-in-der-geschaeftsfuehrung-bei-der-bendalis-gmbh-und-lyomark-pharma-gmbh-2\/\" >\n\t\t\t\tWechsel in der Gesch\u00e4ftsf\u00fchrung bei der Bendalis GmbH und Lyomark Pharma GmbH\t\t\t<\/a>\n\t\t<\/h3>\n\t\t\t\t<\/div>\n\t\t\t\t<div class=\"elementor-post__meta-data\">\n\t\t\t\t\t<span class=\"elementor-post-date\">\n\t\t\t11\/04\/2022\t\t<\/span>\n\t\t\t\t<\/div>\n\t\t\t\t\t<\/div>\n\t\t<\/article>\n\t\t\t\t<article class=\"elementor-post elementor-grid-item post-2045 post type-post status-publish format-standard has-post-thumbnail hentry category-aktuelles generate-columns tablet-grid-50 mobile-grid-100 grid-parent grid-33\" role=\"listitem\">\n\t\t\t<div class=\"elementor-post__card\">\n\t\t\t\t<a class=\"elementor-post__thumbnail__link\" href=\"https:\/\/bendalis.com\/de\/wechsel-in-der-geschaeftsfuehrung-bei-der-bendalis-gmbh-und-lyomark-pharma-gmbh\/\" tabindex=\"-1\" ><div class=\"elementor-post__thumbnail\"><img decoding=\"async\" width=\"250\" height=\"104\" src=\"https:\/\/bendalis.com\/site\/wp-content\/uploads\/Bendalis_Logo_klein.jpg\" class=\"attachment-full size-full wp-image-1952\" alt=\"\" \/><\/div><\/a>\n\t\t\t\t<div class=\"elementor-post__badge\">Aktuelles<\/div>\n\t\t\t\t<div class=\"elementor-post__text\">\n\t\t\t\t<h3 class=\"elementor-post__title\">\n\t\t\t<a href=\"https:\/\/bendalis.com\/de\/wechsel-in-der-geschaeftsfuehrung-bei-der-bendalis-gmbh-und-lyomark-pharma-gmbh\/\" >\n\t\t\t\tWechsel in der Gesch\u00e4ftsf\u00fchrung bei der Bendalis GmbH und Lyomark Pharma GmbH\t\t\t<\/a>\n\t\t<\/h3>\n\t\t\t\t<\/div>\n\t\t\t\t<div class=\"elementor-post__meta-data\">\n\t\t\t\t\t<span class=\"elementor-post-date\">\n\t\t\t21\/09\/2021\t\t<\/span>\n\t\t\t\t<\/div>\n\t\t\t\t\t<\/div>\n\t\t<\/article>\n\t\t\t\t<\/div>\n\t\t\n\t\t\t\t\t\t<\/div>\n\t\t\t\t<\/div>\n\t\t\t\t\t<\/div>\n\t\t<\/div>\n\t\t\t\t\t<\/div>\n\t\t<\/section>\n\t\t\t\t<\/div>\n\t\t","protected":false},"excerpt":{"rendered":"<p>Unternehmen Wir sind spezialisiert auf die Entwicklung und Vermarktung von hochwertigen, onkologischen Arzneimitteln zur Behandlung von Krebserkrankungen. Mehr erfahren Produkte Bendalis bietet eine breite Palette von etablierten generischen Onkologieprodukten an. Bei all diesen Produkten legen wir gr\u00f6\u00dften Wert auf Qualit\u00e4t und Arzneimittelsicherheit. Mehr erfahren Qualit\u00e4tsmanagement Qualit\u00e4t ist von sehr hoher Bedeutung f\u00fcr die Bendalis GmbH.<\/p>\n","protected":false},"author":2,"featured_media":1276,"parent":0,"menu_order":0,"comment_status":"closed","ping_status":"closed","template":"","meta":{"generate_page_header":"","footnotes":""},"class_list":["post-1696","page","type-page","status-publish","has-post-thumbnail","hentry","generate-columns","tablet-grid-50","mobile-grid-100","grid-parent","grid-33"],"yoast_head":"<!-- This site is optimized with the Yoast SEO plugin v26.4 - https:\/\/yoast.com\/wordpress\/plugins\/seo\/ -->\n<title>Bendalis GmbH - Generische onkologische Produkte zur unterst\u00fctzenden Versorgung<\/title>\n<meta name=\"description\" content=\"Wir vertreiben hochwertige generische Krebsmedikamente und spezielle therapeutische Wirkstoffe, um die Lebensqualit\u00e4t der Patienten zu verbessern.\" \/>\n<meta name=\"robots\" content=\"index, follow, max-snippet:-1, max-image-preview:large, max-video-preview:-1\" \/>\n<link rel=\"canonical\" href=\"https:\/\/bendalis.com\/\" \/>\n<meta property=\"og:locale\" content=\"de_DE\" \/>\n<meta property=\"og:type\" content=\"article\" \/>\n<meta property=\"og:title\" content=\"Bendalis GmbH - Generische onkologische Produkte zur unterst\u00fctzenden Versorgung\" \/>\n<meta property=\"og:description\" content=\"Wir vertreiben hochwertige generische Krebsmedikamente und spezielle therapeutische Wirkstoffe, um die Lebensqualit\u00e4t der Patienten zu verbessern.\" \/>\n<meta property=\"og:url\" content=\"https:\/\/bendalis.com\/\" \/>\n<meta property=\"og:site_name\" content=\"Bendalis\" \/>\n<meta property=\"article:modified_time\" content=\"2023-04-11T12:47:11+00:00\" \/>\n<meta property=\"og:image\" content=\"https:\/\/bendalis.com\/site\/wp-content\/uploads\/baum-bunt.png\" \/>\n\t<meta property=\"og:image:width\" content=\"3100\" \/>\n\t<meta property=\"og:image:height\" content=\"724\" \/>\n\t<meta property=\"og:image:type\" content=\"image\/png\" \/>\n<meta name=\"twitter:card\" content=\"summary_large_image\" \/>\n<meta name=\"twitter:label1\" content=\"Gesch\u00e4tzte Lesezeit\" \/>\n\t<meta name=\"twitter:data1\" content=\"2\u00a0Minuten\" \/>\n<script type=\"application\/ld+json\" class=\"yoast-schema-graph\">{\"@context\":\"https:\/\/schema.org\",\"@graph\":[{\"@type\":\"WebPage\",\"@id\":\"https:\/\/bendalis.com\/\",\"url\":\"https:\/\/bendalis.com\/\",\"name\":\"Bendalis GmbH - Generische onkologische Produkte zur unterst\u00fctzenden Versorgung\",\"isPartOf\":{\"@id\":\"https:\/\/bendalis.com\/#website\"},\"primaryImageOfPage\":{\"@id\":\"https:\/\/bendalis.com\/#primaryimage\"},\"image\":{\"@id\":\"https:\/\/bendalis.com\/#primaryimage\"},\"thumbnailUrl\":\"https:\/\/bendalis.com\/site\/wp-content\/uploads\/baum-bunt.png\",\"datePublished\":\"2018-01-23T13:20:19+00:00\",\"dateModified\":\"2023-04-11T12:47:11+00:00\",\"description\":\"Wir vertreiben hochwertige generische Krebsmedikamente und spezielle therapeutische Wirkstoffe, um die Lebensqualit\u00e4t der Patienten zu verbessern.\",\"breadcrumb\":{\"@id\":\"https:\/\/bendalis.com\/#breadcrumb\"},\"inLanguage\":\"de\",\"potentialAction\":[{\"@type\":\"ReadAction\",\"target\":[\"https:\/\/bendalis.com\/\"]}]},{\"@type\":\"ImageObject\",\"inLanguage\":\"de\",\"@id\":\"https:\/\/bendalis.com\/#primaryimage\",\"url\":\"https:\/\/bendalis.com\/site\/wp-content\/uploads\/baum-bunt.png\",\"contentUrl\":\"https:\/\/bendalis.com\/site\/wp-content\/uploads\/baum-bunt.png\",\"width\":3100,\"height\":724,\"caption\":\"bendalis distribution\"},{\"@type\":\"BreadcrumbList\",\"@id\":\"https:\/\/bendalis.com\/#breadcrumb\",\"itemListElement\":[{\"@type\":\"ListItem\",\"position\":1,\"name\":\"Home\",\"item\":\"https:\/\/bendalis.com\/\"},{\"@type\":\"ListItem\",\"position\":2,\"name\":\"Willkommen bei Bendalis!\"}]},{\"@type\":\"WebSite\",\"@id\":\"https:\/\/bendalis.com\/#website\",\"url\":\"https:\/\/bendalis.com\/\",\"name\":\"Bendalis\",\"description\":\"Pharmaceutical products for haematology, oncology and supportive care\",\"publisher\":{\"@id\":\"https:\/\/bendalis.com\/#organization\"},\"potentialAction\":[{\"@type\":\"SearchAction\",\"target\":{\"@type\":\"EntryPoint\",\"urlTemplate\":\"https:\/\/bendalis.com\/?s={search_term_string}\"},\"query-input\":{\"@type\":\"PropertyValueSpecification\",\"valueRequired\":true,\"valueName\":\"search_term_string\"}}],\"inLanguage\":\"de\"},{\"@type\":\"Organization\",\"@id\":\"https:\/\/bendalis.com\/#organization\",\"name\":\"Bendalis GmbH\",\"url\":\"https:\/\/bendalis.com\/\",\"logo\":{\"@type\":\"ImageObject\",\"inLanguage\":\"de\",\"@id\":\"https:\/\/bendalis.com\/#\/schema\/logo\/image\/\",\"url\":\"https:\/\/bendalis.com\/site\/wp-content\/uploads\/bendalis@2.png\",\"contentUrl\":\"https:\/\/bendalis.com\/site\/wp-content\/uploads\/bendalis@2.png\",\"width\":500,\"height\":162,\"caption\":\"Bendalis GmbH\"},\"image\":{\"@id\":\"https:\/\/bendalis.com\/#\/schema\/logo\/image\/\"},\"sameAs\":[\"https:\/\/www.linkedin.com\/company\/bendalis-gmbh\"]}]}<\/script>\n<!-- \/ Yoast SEO plugin. -->","yoast_head_json":{"title":"Bendalis GmbH - Generische onkologische Produkte zur unterst\u00fctzenden Versorgung","description":"Wir vertreiben hochwertige generische Krebsmedikamente und spezielle therapeutische Wirkstoffe, um die Lebensqualit\u00e4t der Patienten zu verbessern.","robots":{"index":"index","follow":"follow","max-snippet":"max-snippet:-1","max-image-preview":"max-image-preview:large","max-video-preview":"max-video-preview:-1"},"canonical":"https:\/\/bendalis.com\/","og_locale":"de_DE","og_type":"article","og_title":"Bendalis GmbH - Generische onkologische Produkte zur unterst\u00fctzenden Versorgung","og_description":"Wir vertreiben hochwertige generische Krebsmedikamente und spezielle therapeutische Wirkstoffe, um die Lebensqualit\u00e4t der Patienten zu verbessern.","og_url":"https:\/\/bendalis.com\/","og_site_name":"Bendalis","article_modified_time":"2023-04-11T12:47:11+00:00","og_image":[{"width":3100,"height":724,"url":"https:\/\/bendalis.com\/site\/wp-content\/uploads\/baum-bunt.png","type":"image\/png"}],"twitter_card":"summary_large_image","twitter_misc":{"Gesch\u00e4tzte Lesezeit":"2\u00a0Minuten"},"schema":{"@context":"https:\/\/schema.org","@graph":[{"@type":"WebPage","@id":"https:\/\/bendalis.com\/","url":"https:\/\/bendalis.com\/","name":"Bendalis GmbH - Generische onkologische Produkte zur unterst\u00fctzenden Versorgung","isPartOf":{"@id":"https:\/\/bendalis.com\/#website"},"primaryImageOfPage":{"@id":"https:\/\/bendalis.com\/#primaryimage"},"image":{"@id":"https:\/\/bendalis.com\/#primaryimage"},"thumbnailUrl":"https:\/\/bendalis.com\/site\/wp-content\/uploads\/baum-bunt.png","datePublished":"2018-01-23T13:20:19+00:00","dateModified":"2023-04-11T12:47:11+00:00","description":"Wir vertreiben hochwertige generische Krebsmedikamente und spezielle therapeutische Wirkstoffe, um die Lebensqualit\u00e4t der Patienten zu verbessern.","breadcrumb":{"@id":"https:\/\/bendalis.com\/#breadcrumb"},"inLanguage":"de","potentialAction":[{"@type":"ReadAction","target":["https:\/\/bendalis.com\/"]}]},{"@type":"ImageObject","inLanguage":"de","@id":"https:\/\/bendalis.com\/#primaryimage","url":"https:\/\/bendalis.com\/site\/wp-content\/uploads\/baum-bunt.png","contentUrl":"https:\/\/bendalis.com\/site\/wp-content\/uploads\/baum-bunt.png","width":3100,"height":724,"caption":"bendalis distribution"},{"@type":"BreadcrumbList","@id":"https:\/\/bendalis.com\/#breadcrumb","itemListElement":[{"@type":"ListItem","position":1,"name":"Home","item":"https:\/\/bendalis.com\/"},{"@type":"ListItem","position":2,"name":"Willkommen bei Bendalis!"}]},{"@type":"WebSite","@id":"https:\/\/bendalis.com\/#website","url":"https:\/\/bendalis.com\/","name":"Bendalis","description":"Pharmaceutical products for haematology, oncology and supportive care","publisher":{"@id":"https:\/\/bendalis.com\/#organization"},"potentialAction":[{"@type":"SearchAction","target":{"@type":"EntryPoint","urlTemplate":"https:\/\/bendalis.com\/?s={search_term_string}"},"query-input":{"@type":"PropertyValueSpecification","valueRequired":true,"valueName":"search_term_string"}}],"inLanguage":"de"},{"@type":"Organization","@id":"https:\/\/bendalis.com\/#organization","name":"Bendalis GmbH","url":"https:\/\/bendalis.com\/","logo":{"@type":"ImageObject","inLanguage":"de","@id":"https:\/\/bendalis.com\/#\/schema\/logo\/image\/","url":"https:\/\/bendalis.com\/site\/wp-content\/uploads\/bendalis@2.png","contentUrl":"https:\/\/bendalis.com\/site\/wp-content\/uploads\/bendalis@2.png","width":500,"height":162,"caption":"Bendalis GmbH"},"image":{"@id":"https:\/\/bendalis.com\/#\/schema\/logo\/image\/"},"sameAs":["https:\/\/www.linkedin.com\/company\/bendalis-gmbh"]}]}},"_links":{"self":[{"href":"https:\/\/bendalis.com\/de\/wp-json\/wp\/v2\/pages\/1696","targetHints":{"allow":["GET"]}}],"collection":[{"href":"https:\/\/bendalis.com\/de\/wp-json\/wp\/v2\/pages"}],"about":[{"href":"https:\/\/bendalis.com\/de\/wp-json\/wp\/v2\/types\/page"}],"author":[{"embeddable":true,"href":"https:\/\/bendalis.com\/de\/wp-json\/wp\/v2\/users\/2"}],"replies":[{"embeddable":true,"href":"https:\/\/bendalis.com\/de\/wp-json\/wp\/v2\/comments?post=1696"}],"version-history":[{"count":21,"href":"https:\/\/bendalis.com\/de\/wp-json\/wp\/v2\/pages\/1696\/revisions"}],"predecessor-version":[{"id":2130,"href":"https:\/\/bendalis.com\/de\/wp-json\/wp\/v2\/pages\/1696\/revisions\/2130"}],"wp:featuredmedia":[{"embeddable":true,"href":"https:\/\/bendalis.com\/de\/wp-json\/wp\/v2\/media\/1276"}],"wp:attachment":[{"href":"https:\/\/bendalis.com\/de\/wp-json\/wp\/v2\/media?parent=1696"}],"curies":[{"name":"wp","href":"https:\/\/api.w.org\/{rel}","templated":true}]}}