{"id":2187,"date":"2025-10-14T09:13:49","date_gmt":"2025-10-14T09:13:49","guid":{"rendered":"http:\/\/draft.bendalis.com\/?page_id=2187"},"modified":"2026-04-30T14:18:13","modified_gmt":"2026-04-30T14:18:13","slug":"company","status":"publish","type":"page","link":"https:\/\/bendalis.com\/en\/unternehmen\/","title":{"rendered":"Company"},"content":{"rendered":"<div class=\"wp-block-group alignwide has-global-padding is-layout-constrained wp-block-group-is-layout-constrained\">\n<div class=\"wp-block-group alignwide pagehero is-nowrap is-layout-flex wp-container-core-group-is-layout-3cda747d wp-block-group-is-layout-flex\" style=\"padding-top:var(--wp--preset--spacing--medium);padding-bottom:0\">\n<div class=\"wp-block-group has-global-padding is-layout-constrained wp-block-group-is-layout-constrained\">\n<h1 class=\"wp-block-heading\">Company<\/h1>\n\n\n\n<hr class=\"wp-block-separator has-text-color has-main-accent-color has-alpha-channel-opacity has-main-accent-background-color has-background is-style-default\" style=\"margin-top:var(--wp--preset--spacing--small);margin-bottom:var(--wp--preset--spacing--small)\"\/>\n\n\n\n<h2 class=\"wp-block-heading\" style=\"margin-top:0px;margin-bottom:0px;padding-top:0px;padding-bottom:0px;line-height:1.2\">We exclusively distribute high-quality oncological drugs and special therapeutics, which are subject to strict quality controls.<\/h2>\n<\/div>\n\n\n\n<div class=\"wp-block-group herogrid animated fadeIn has-global-padding is-layout-constrained wp-container-core-group-is-layout-408b0d65 wp-block-group-is-layout-constrained\" style=\"padding-right:0px;padding-left:0px\">\n<div class=\"wp-block-group contImgOne has-global-padding is-layout-constrained wp-block-group-is-layout-constrained\">\n<figure class=\"wp-block-image size-full imgOne\"><img loading=\"lazy\" decoding=\"async\" width=\"1000\" height=\"1000\" src=\"https:\/\/bendalis.com\/site\/wp-content\/uploads\/bendalis_company_hero.webp\" alt=\"Bendalis Ltd\" class=\"wp-image-2596\" srcset=\"https:\/\/bendalis.com\/site\/wp-content\/uploads\/bendalis_company_hero.webp 1000w, https:\/\/bendalis.com\/site\/wp-content\/uploads\/bendalis_company_hero-300x300.webp 300w, https:\/\/bendalis.com\/site\/wp-content\/uploads\/bendalis_company_hero-150x150.webp 150w, https:\/\/bendalis.com\/site\/wp-content\/uploads\/bendalis_company_hero-768x768.webp 768w\" sizes=\"auto, (max-width: 1000px) 100vw, 1000px\" \/><\/figure>\n<\/div>\n\n\n\n<figure class=\"wp-block-image size-full imgThree\"><img loading=\"lazy\" decoding=\"async\" width=\"1000\" height=\"1000\" src=\"https:\/\/bendalis.com\/site\/wp-content\/uploads\/bendalis_quality_management_bw.webp\" alt=\"Bendalis quality management\" class=\"wp-image-2603\" style=\"aspect-ratio:1;object-fit:cover\" srcset=\"https:\/\/bendalis.com\/site\/wp-content\/uploads\/bendalis_quality_management_bw.webp 1000w, https:\/\/bendalis.com\/site\/wp-content\/uploads\/bendalis_quality_management_bw-300x300.webp 300w, https:\/\/bendalis.com\/site\/wp-content\/uploads\/bendalis_quality_management_bw-150x150.webp 150w, https:\/\/bendalis.com\/site\/wp-content\/uploads\/bendalis_quality_management_bw-768x768.webp 768w\" sizes=\"auto, (max-width: 1000px) 100vw, 1000px\" \/><\/figure>\n<\/div>\n<\/div>\n<\/div>\n\n\n\n<div class=\"wp-block-group alignfull firstSectionSmall has-custom-light-grey-gradient-background has-background is-layout-flow wp-block-group-is-layout-flow\" style=\"margin-top:-300px;margin-bottom:0px\">\n<div class=\"wp-block-group alignfull wavy-divider-remove-margin wavy-divider-remove-padding has-tertiary-background-color has-background is-layout-flow wp-block-group-is-layout-flow\" style=\"margin-top:0;margin-bottom:0;padding-right:0px;padding-left:0px\">\n<div class=\"wp-block-wavy-wavy-divider alignfull has-base-background-color has-background\"><svg fill=\"none\" role=\"separator\" viewbox=\"0 0 100 500\" preserveaspectratio=\"none\" aria-orientation=\"horizontal\" aria-hidden=\"true\" style=\"height:500px;width:100%;display:block\"><path style=\"transition:all .5s ease;opacity:1\" fill=\"var(--wp--preset--color--base)\" d=\"M 0,300 Q 50,500 100,0 V 0 H 0 Z\"><\/path><\/svg><\/div>\n<\/div>\n\n\n\n<div class=\"wp-block-group alignwide section has-tertiary-background-color has-background has-global-padding is-layout-constrained wp-container-core-group-is-layout-b2f02d94 wp-block-group-is-layout-constrained\" style=\"margin-top:0;margin-bottom:0;padding-top:0;padding-bottom:0\">\n<div class=\"wp-block-group alignfull sectionInner has-global-padding is-layout-constrained wp-container-core-group-is-layout-4b99461e wp-block-group-is-layout-constrained\">\n<div class=\"wp-block-group alignwide has-global-padding is-layout-constrained wp-block-group-is-layout-constrained\">\n<h3 class=\"wp-block-heading alignwide has-text-align-left\" style=\"font-size:clamp(1.25rem, 1.25rem + ((1vw - 0.2rem) * 1.277), 2rem);line-height:1.3\">Team<\/h3>\n\n\n\n<div class=\"wp-block-group alignwide twoColumn is-layout-flow wp-block-group-is-layout-flow\">\n<p class=\"has-main-color has-text-color has-link-color has-base-font-size wp-elements-863971b4c89727e98a8b86000255f249\">We see the culture at Bendalis as a competitive advantage and strive to create an environment where intelligent, motivated, and creative people can thrive.<\/p>\n\n\n\n<p class=\"has-main-color has-text-color has-link-color wp-elements-837b635b6274bbb5acea50cf84f05192\">Behind our products, solutions, and services is a team of professionals with extensive experience and knowledge in the pharmaceutical sector. Our employees are dedicated team players, bringing energy, ideas and pride to their work.<\/p>\n\n\n\n<p class=\"has-main-color has-text-color has-link-color wp-elements-a7e86f265d3e95a9b00d83f439990f5e\">Since 1 October 2021, Dr Wolfgang Burger has taken over the management. Dr Burger has over 30 years of experience in the pharmaceutical industry, most recently as Managing Director of PharmaZell GmbH.<\/p>\n\n\n\n<p class=\"has-main-color has-text-color has-link-color wp-elements-c4cdf78d79741b238ac422458d8f116d\">With effect from 1st April 2022, Dr. Dirk H\u00fctten has joined Mr. Dr. Burger on the management board. Dr. H\u00fctten has over 20 years of experience in various international sales roles along the pharmaceutical product supply chain.<\/p>\n<\/div>\n<\/div>\n<\/div>\n<\/div>\n\n\n\n<div class=\"wp-block-group alignfull wavy-divider-remove-margin wavy-divider-remove-padding has-tertiary-background-color has-background is-layout-flow wp-block-group-is-layout-flow\">\n<div class=\"wp-block-wavy-wavy-divider alignfull has-base-background-color has-background\"><svg fill=\"none\" role=\"separator\" viewbox=\"0 0 100 300\" preserveaspectratio=\"none\" aria-orientation=\"horizontal\" aria-hidden=\"true\" style=\"height:300px;width:100%;display:block\"><path style=\"transition:all .5s ease;opacity:1\" fill=\"var(--wp--preset--color--base)\" d=\"M 0,150 Q 50,12 100,210 V 300 H 0 Z\"><\/path><\/svg><\/div>\n<\/div>\n\n\n\n<div class=\"wp-block-group alignwide section has-base-background-color has-background has-global-padding is-layout-constrained wp-container-core-group-is-layout-f8866a08 wp-block-group-is-layout-constrained\" style=\"margin-top:0px;margin-bottom:0px\">\n<div class=\"wp-block-group alignwide is-layout-flow wp-block-group-is-layout-flow\" style=\"margin-bottom:0\">\n<h3 class=\"wp-block-heading has-text-align-left\" style=\"padding-bottom:var(--wp--preset--spacing--small);font-size:clamp(1.25rem, 1.25rem + ((1vw - 0.2rem) * 1.277), 2rem);line-height:1.3\">Milestones<\/h3>\n\n\n\n<div class=\"wp-block-atlb-timeline-block desk_center_layout tab_center_layout mob_left_layout atlb__4226565a\">\n<div class=\"wp-block-atlb-single-timeline-item animated fadeIn o-anim-offset-200px\"><div class=\"timeline__content box__shadow\">\n<p style=\"margin-top:0px;margin-bottom:0px\">Year of establishment of Bendalis GmbH, based in Oberhaching near Munich.<\/p>\n<\/div><div class=\"timeline__marker\"><i class=\"far fa-star\"><\/i><\/div><div class=\"timeline__date\"><div class=\"time__date_content enabled__box_shadow\"><p class=\"event__date\">2006<\/p><\/div><\/div><\/div>\n\n\n\n<div class=\"wp-block-atlb-single-timeline-item animated fadeIn o-anim-offset-200px\"><div class=\"timeline__content box__shadow\">\n<p style=\"margin-top:0px;margin-bottom:0px\">Launch of Bendafolin\u00ae (folinic acid).<\/p>\n<\/div><div class=\"timeline__marker\"><i class=\"far fa-star\"><\/i><\/div><div class=\"timeline__date\"><div class=\"time__date_content enabled__box_shadow\"><p class=\"event__date\">2007<\/p><\/div><\/div><\/div>\n\n\n\n<div class=\"wp-block-atlb-single-timeline-item animated fadeIn o-anim-offset-200px\"><div class=\"timeline__content box__shadow\">\n<p style=\"margin-top:0px;margin-bottom:0px\">Launch of five oncology products:<\/p>\n\n\n\n<ul style=\"padding-right:0;padding-left:0\" class=\"wp-block-list is-style-list-check\">\n<li style=\"padding-right:1.5rem;padding-left:1.5rem;line-height:0.5\">5-Fluorouracil (5-FU)<\/li>\n\n\n\n<li style=\"padding-right:1.5rem;padding-left:1.5rem;line-height:0.5\">Carboplatin<\/li>\n\n\n\n<li style=\"padding-right:1.5rem;padding-left:1.5rem;line-height:0.5\">Doxorubicin<\/li>\n\n\n\n<li style=\"padding-right:1.5rem;padding-left:1.5rem;line-height:0.5\">Methotrexate<\/li>\n\n\n\n<li style=\"padding-right:1.5rem;padding-left:1.5rem;line-height:0.5\">Paclitaxel<\/li>\n<\/ul>\n<\/div><div class=\"timeline__marker\"><i class=\"far fa-star\"><\/i><\/div><div class=\"timeline__date\"><div class=\"time__date_content enabled__box_shadow\"><p class=\"event__date\">2008<\/p><\/div><\/div><\/div>\n\n\n\n<div class=\"wp-block-atlb-single-timeline-item animated fadeIn o-anim-offset-200px\"><div class=\"timeline__content box__shadow\">\n<p style=\"margin-top:0px;margin-bottom:0px\">Collaboration with EUSA Pharma GmbH in the distribution of Caphosol\u00ae for the treatment of oral mucositis.<\/p>\n\n\n\n<p>Expansion of the product portfolio with six generic cancer drugs.<\/p>\n\n\n\n<ul style=\"margin-top:0px;margin-bottom:0px;padding-right:0;padding-left:0\" class=\"wp-block-list is-style-list-check\">\n<li style=\"padding-right:1.5rem;padding-left:1.5rem;line-height:0.5\">Epirubicin<\/li>\n\n\n\n<li style=\"padding-right:1.5rem;padding-left:1.5rem;line-height:0.5\">Gemcitabine<\/li>\n\n\n\n<li style=\"padding-right:1.5rem;padding-left:1.5rem;line-height:0.5\">Irinotecan<\/li>\n\n\n\n<li style=\"padding-right:1.5rem;padding-left:1.5rem;line-height:0.5\">Octreotide<\/li>\n\n\n\n<li style=\"padding-right:1.5rem;padding-left:1.5rem;line-height:0.5\">Oxaliplatin<\/li>\n\n\n\n<li style=\"padding-right:1.5rem;padding-left:1.5rem;line-height:0.5\">Vinorelbine<\/li>\n<\/ul>\n<\/div><div class=\"timeline__marker\"><i class=\"far fa-star\"><\/i><\/div><div class=\"timeline__date\"><div class=\"time__date_content enabled__box_shadow\"><p class=\"event__date\">2009<\/p><\/div><\/div><\/div>\n\n\n\n<div class=\"wp-block-atlb-single-timeline-item animated fadeIn o-anim-offset-200px\"><div class=\"timeline__content box__shadow\">\n<p style=\"margin-top:0px;margin-bottom:0px\">Collaboration with Riemser Arzneimittel AG for the distribution of ALOXI\u00ae, an innovative 5-HT3 receptor antagonist for the prophylaxis of chemotherapy-induced nausea and vomiting.<\/p>\n\n\n\n<p>Expansion of the product portfolio to include the supportive care product line, AgainLife Italia:<\/p>\n\n\n\n<ul style=\"margin-top:0px;margin-bottom:0px\" class=\"wp-block-list is-style-list-check\">\n<li style=\"padding-right:1.5rem;padding-left:1.5rem;line-height:0.5\">OraLife \u2013 Mouth and Throat<\/li>\n\n\n\n<li style=\"padding-right:1.5rem;padding-left:1.5rem;line-height:0.5\">TraLife \u2013 Oral Cavity<\/li>\n\n\n\n<li style=\"padding-right:1.5rem;padding-left:1.5rem;line-height:0.5\">RaLife \u2013 Top<\/li>\n\n\n\n<li style=\"padding-right:1.5rem;padding-left:1.5rem;line-height:0.5\">EvaLife \u2013 Intimate Area<\/li>\n\n\n\n<li style=\"padding-right:1.5rem;padding-left:1.5rem;line-height:0.5\">GutLife \u2013 Anal Area<\/li>\n<\/ul>\n<\/div><div class=\"timeline__marker\"><i class=\"far fa-star\"><\/i><\/div><div class=\"timeline__date\"><div class=\"time__date_content enabled__box_shadow\"><p class=\"event__date\">2011<\/p><\/div><\/div><\/div>\n\n\n\n<div class=\"wp-block-atlb-single-timeline-item animated fadeIn o-anim-offset-200px\"><div class=\"timeline__content box__shadow\">\n<p style=\"margin-top:0px;margin-bottom:0px\">Expansion of the product portfolio with two generic cancer medications:<\/p>\n\n\n\n<ul class=\"wp-block-list is-style-list-check\">\n<li style=\"padding-right:1.5rem;padding-left:1.5rem;line-height:0.5\">Zoledronic acid<\/li>\n\n\n\n<li style=\"padding-right:1.5rem;padding-left:1.5rem;line-height:0.5\">Ibandronic acid<\/li>\n<\/ul>\n<\/div><div class=\"timeline__marker\"><i class=\"far fa-star\"><\/i><\/div><div class=\"timeline__date\"><div class=\"time__date_content enabled__box_shadow\"><p class=\"event__date\">2013<\/p><\/div><\/div><\/div>\n\n\n\n<div class=\"wp-block-atlb-single-timeline-item animated fadeIn o-anim-offset-200px\"><div class=\"timeline__content box__shadow\">\n<p style=\"margin-top:0px;margin-bottom:0px\">Expansion of the Supportive Care Product Portfolio: KapDolen 30 ml \u2013 for the relief of damaged tissues and nerve fibres.<\/p>\n<\/div><div class=\"timeline__marker\"><i class=\"far fa-star\"><\/i><\/div><div class=\"timeline__date\"><div class=\"time__date_content enabled__box_shadow\"><p class=\"event__date\">2016<\/p><\/div><\/div><\/div>\n\n\n\n<div class=\"wp-block-atlb-single-timeline-item animated fadeIn o-anim-offset-200px\"><div class=\"timeline__content box__shadow\">\n<p style=\"margin-top:0px;margin-bottom:0px\">Expansion of the Supportive Care Product Portfolio: KapDolen 100 ml \u2013 for the relief of damaged tissues and nerve fibres.<\/p>\n<\/div><div class=\"timeline__marker\"><i class=\"far fa-star\"><\/i><\/div><div class=\"timeline__date\"><div class=\"time__date_content enabled__box_shadow\"><p class=\"event__date\">2017<\/p><\/div><\/div><\/div>\n\n\n\n<div class=\"wp-block-atlb-single-timeline-item animated fadeIn o-anim-offset-200px\"><div class=\"timeline__content box__shadow\">\n<p style=\"margin-top:0px;margin-bottom:0px\">Inceptua and Bendalis conclude exclusive agreement for clinical studies of oncology drugs.<\/p>\n<\/div><div class=\"timeline__marker\"><i class=\"far fa-star\"><\/i><\/div><div class=\"timeline__date\"><div class=\"time__date_content enabled__box_shadow\"><p class=\"event__date\">2019<\/p><\/div><\/div><\/div>\n\n\n\n<div class=\"wp-block-atlb-single-timeline-item\"><div class=\"timeline__content box__shadow\">\n<p>Bendalis acquires Sugammadex and worldwide distribution rights from Biofactor GmbH.<\/p>\n<\/div><div class=\"timeline__marker\"><i class=\"far fa-star\"><\/i><\/div><div class=\"timeline__date\"><div class=\"time__date_content enabled__box_shadow\"><p class=\"event__date\">2025<\/p><\/div><\/div><\/div>\n\n\n\n<div class=\"wp-block-atlb-single-timeline-item\"><div class=\"timeline__content box__shadow\">\n<p>5FU and Vancomycin back in stock \u2013 new European manufacturing capacity by Bendalis ensures supply.<\/p>\n<\/div><div class=\"timeline__marker\"><i class=\"far fa-star\"><\/i><\/div><div class=\"timeline__date\"><div class=\"time__date_content enabled__box_shadow\"><p class=\"event__date\">2026<\/p><\/div><\/div><\/div>\n<div class=\"timeline__bar\"><\/div><\/div>\n<\/div>\n<\/div>\n\n\n\n<div class=\"wp-block-group alignfull wavy-divider-remove-margin wavy-divider-remove-padding has-tertiary-background-color has-background is-layout-flow wp-block-group-is-layout-flow\" id=\"qualitaetsmanagement\">\n<div class=\"wp-block-wavy-wavy-divider alignfull has-base-background-color has-background\"><svg fill=\"none\" role=\"separator\" viewbox=\"0 0 100 300\" preserveaspectratio=\"none\" aria-orientation=\"horizontal\" aria-hidden=\"true\" style=\"height:300px;width:100%;display:block\"><path style=\"transition:all .5s ease;opacity:1\" fill=\"var(--wp--preset--color--base)\" d=\"M 0,180 Q 50,300 100,0 V 0 H 0 Z\"><\/path><\/svg><\/div>\n<\/div>\n\n\n\n<div class=\"wp-block-group alignwide has-global-padding is-layout-constrained wp-container-core-group-is-layout-19e250f3 wp-block-group-is-layout-constrained\">\n<div class=\"wp-block-group alignwide section has-tertiary-background-color has-background has-global-padding is-layout-constrained wp-container-core-group-is-layout-23130963 wp-block-group-is-layout-constrained\" style=\"margin-top:0px;margin-bottom:0px;padding-top:0;padding-bottom:0\">\n<div class=\"wp-block-columns alignwide are-vertically-aligned-top is-layout-flex wp-container-core-columns-is-layout-7eb77258 wp-block-columns-is-layout-flex\" style=\"margin-top:0\">\n<div class=\"wp-block-column is-vertically-aligned-top is-layout-flow wp-block-column-is-layout-flow\" style=\"flex-basis:100%\">\n<div class=\"wp-block-group has-global-padding is-layout-constrained wp-block-group-is-layout-constrained\" style=\"margin-bottom:var(--wp--preset--spacing--medium)\">\n<h3 class=\"wp-block-heading has-text-align-left\" style=\"font-size:clamp(1.25rem, 1.25rem + ((1vw - 0.2rem) * 1.277), 2rem);line-height:1.3\">Quality Management<\/h3>\n\n\n\n<figure class=\"wp-block-pullquote has-text-align-left has-base-background-color has-background has-base-font-size\" style=\"border-style:none;border-width:0px;border-radius:15px;margin-top:var(--wp--preset--spacing--medium);margin-right:0px;margin-bottom:0px;margin-left:0px;padding-top:1.5rem;padding-right:1.5rem;padding-bottom:1.5rem;padding-left:1.5rem\"><blockquote><p>We will gladly provide you with information on our quality policy upon request.<\/p><\/blockquote><\/figure>\n<\/div>\n<\/div>\n\n\n\n<div class=\"wp-block-column is-vertically-aligned-top is-layout-flow wp-container-core-column-is-layout-a77db08e wp-block-column-is-layout-flow\" style=\"border-right-color:var(--wp--preset--color--main-accent);border-right-width:2px;flex-basis:2px\"><\/div>\n\n\n\n<div class=\"wp-block-column is-vertically-aligned-top is-layout-flow wp-block-column-is-layout-flow\" style=\"flex-basis:100%\">\n<div class=\"wp-block-group has-global-padding is-layout-constrained wp-block-group-is-layout-constrained\">\n<p>Bendalis GmbH places great importance on quality.<\/p>\n\n\n\n<p>With GMP and GDP certification, as well as a manufacturing and wholesale license, we meet all expectations for the production and distribution of our products.<\/p>\n\n\n\n<p>Our customers can rely on the quality standards of Bendalis GmbH.<\/p>\n<\/div>\n<\/div>\n<\/div>\n<\/div>\n\n\n\n<div class=\"wp-block-group alignwide section has-tertiary-background-color has-background has-global-padding is-layout-constrained wp-container-core-group-is-layout-5e2a8c2d wp-block-group-is-layout-constrained\" id=\"engagement\" style=\"margin-top:var(--wp--preset--spacing--large);margin-bottom:0px;padding-top:0;padding-bottom:0\">\n<div class=\"wp-block-columns alignwide are-vertically-aligned-top is-layout-flex wp-container-core-columns-is-layout-7eb77258 wp-block-columns-is-layout-flex\" style=\"margin-top:0\">\n<div class=\"wp-block-column is-vertically-aligned-top is-layout-flow wp-block-column-is-layout-flow\" style=\"flex-basis:100%\">\n<div class=\"wp-block-group has-global-padding is-layout-constrained wp-block-group-is-layout-constrained\" style=\"margin-bottom:var(--wp--preset--spacing--medium)\">\n<h3 class=\"wp-block-heading has-text-align-left\" style=\"font-size:clamp(1.25rem, 1.25rem + ((1vw - 0.2rem) * 1.277), 2rem);line-height:1.3\"><strong>Our Commitment<\/strong><\/h3>\n\n\n\n<figure class=\"wp-block-pullquote has-text-align-left has-base-background-color has-background has-base-font-size\" style=\"border-style:none;border-width:0px;border-radius:15px;margin-top:var(--wp--preset--spacing--medium);margin-right:0px;margin-bottom:0px;margin-left:0px;padding-top:1.5rem;padding-right:1.5rem;padding-bottom:1.5rem;padding-left:1.5rem\"><blockquote><p>The well-being of patients guides our actions. As a manufacturer of life-saving medicines, we see it as our duty to ensure a reliable supply \u2013 especially in challenging times.<\/p><\/blockquote><\/figure>\n<\/div>\n<\/div>\n\n\n\n<div class=\"wp-block-column is-vertically-aligned-top is-layout-flow wp-container-core-column-is-layout-a77db08e wp-block-column-is-layout-flow\" style=\"border-right-color:var(--wp--preset--color--main-accent);border-right-width:2px;flex-basis:2px\"><\/div>\n\n\n\n<div class=\"wp-block-column is-vertically-aligned-top is-layout-flow wp-block-column-is-layout-flow\" style=\"flex-basis:100%\">\n<div class=\"wp-block-group has-global-padding is-layout-constrained wp-block-group-is-layout-constrained\">\n<p>How we put patients at the centre:<\/p>\n\n\n\n<ul class=\"wp-block-list\">\n<li>Investments in stable supply chains and dual active ingredient procurement<\/li>\n\n\n\n<li>Production within the EU to the highest quality and safety standards<\/li>\n\n\n\n<li>Close cooperation with professional circles and research for optimum results<\/li>\n\n\n\n<li>Open communication regarding supply shortages<\/li>\n\n\n\n<li>Continuous further development and consideration of feedback from practice and the patient community<\/li>\n<\/ul>\n\n\n\n<p>Bendalis \u2013 For the well-being of patients.<\/p>\n<\/div>\n<\/div>\n<\/div>\n<\/div>\n<\/div>\n<\/div>\n\n\n\n<div class=\"wp-block-group alignfull news is-layout-flow wp-container-core-group-is-layout-be3d870c wp-block-group-is-layout-flow\" style=\"margin-top:0px;margin-bottom:-5rem;padding-top:0px;padding-bottom:0px\">\n<div class=\"wp-block-group alignfull wavy-divider-remove-margin wavy-divider-remove-padding has-tertiary-background-color has-background is-layout-flow wp-block-group-is-layout-flow\">\n<div class=\"wp-block-wavy-wavy-divider alignfull has-base-background-color has-background\"><svg fill=\"none\" role=\"separator\" viewbox=\"0 0 100 300\" preserveaspectratio=\"none\" aria-orientation=\"horizontal\" aria-hidden=\"true\" style=\"height:300px;width:100%;display:block\"><path style=\"transition:all .5s ease;opacity:1\" fill=\"var(--wp--preset--color--base)\" d=\"M 0,150 Q 50,12 100,210 V 300 H 0 Z\"><\/path><\/svg><\/div>\n<\/div>\n\n\n\n<div class=\"wp-block-group alignwide has-global-padding is-layout-constrained wp-container-core-group-is-layout-6dbe9be8 wp-block-group-is-layout-constrained\" style=\"padding-top:0;padding-bottom:0\">\n<div class=\"wp-block-columns alignwide are-vertically-aligned-top is-layout-flex wp-container-core-columns-is-layout-fb187c8c wp-block-columns-is-layout-flex\">\n<div class=\"wp-block-column is-vertically-aligned-top is-layout-flow wp-block-column-is-layout-flow\" style=\"flex-basis:100%\">\n<div class=\"wp-block-group has-global-padding is-layout-constrained wp-block-group-is-layout-constrained\">\n<p>Our sister company<a href=\"https:\/\/lyomark.com\/\" target=\"_blank\" rel=\"noreferrer noopener\">&nbsp;Lyomark Pharma GmbH<\/a>&nbsp;\u2013 founded in 1989 in Oberhaching near Munich as a contract and active ingredient manufacturer for niche products. Lyomark is a service provider for lyophilised and liquid sterile products and has established itself in this field within the pharmaceutical industry for over 25 years.<\/p>\n\n\n\n<p>In addition to manufacturing, services include the provision and maintenance of dossiers and the submission of national and international authorisations for well-known pharmaceutical companies.<\/p>\n<\/div>\n<\/div>\n\n\n\n<div class=\"wp-block-column is-vertically-aligned-top is-layout-flow wp-container-core-column-is-layout-a77db08e wp-block-column-is-layout-flow\" style=\"border-right-color:var(--wp--preset--color--main-accent);border-right-width:2px;flex-basis:2px\"><\/div>\n\n\n\n<div class=\"wp-block-column is-vertically-aligned-top is-layout-flow wp-block-column-is-layout-flow\" style=\"border-style:none;border-width:0px;border-radius:0px;flex-basis:100%\">\n<div class=\"wp-block-group has-global-padding is-layout-constrained wp-block-group-is-layout-constrained\" style=\"border-style:none;border-width:0px;border-radius:0px\">\n<figure class=\"wp-block-image size-full is-resized has-custom-border partnerlogo\"><img alt=\"\" loading=\"lazy\" decoding=\"async\" width=\"800\" height=\"412\" src=\"https:\/\/bendalis.com\/site\/wp-content\/uploads\/logo-1.svg\" class=\"wp-image-2258\" style=\"border-style:none;border-width:0px;border-radius:0px;width:250px\"\/><\/figure>\n<\/div>\n<\/div>\n<\/div>\n<\/div>\n<\/div>\n\n\n\n<p><\/p>","protected":false},"excerpt":{"rendered":"<p>Unternehmen Wir vertreiben ausschlie\u00dflich hochwertige onkologische Medikamente und spezielle Therapeutika, die strengen Qualit\u00e4tskontrollen unterliegen. Team Wir sehen die Kultur von Bendalis als Wettbewerbsvorteil und bem\u00fchen uns, ein Umfeld zu schaffen, in dem kluge, motivierte und kreative Menschen erfolgreich sind. Hinter unseren Produkten, L\u00f6sungen und Dienstleistungen steht eine Gruppe von Fachleuten mit umfangreicher Erfahrung und Wissen [&hellip;]<\/p>\n","protected":false},"author":3,"featured_media":0,"parent":0,"menu_order":0,"comment_status":"closed","ping_status":"closed","template":"page-no-title","meta":{"_seopress_robots_primary_cat":"","_seopress_titles_title":"","_seopress_titles_desc":"","_seopress_robots_index":"","footnotes":""},"class_list":["post-2187","page","type-page","status-publish","hentry"],"_links":{"self":[{"href":"https:\/\/bendalis.com\/en\/wp-json\/wp\/v2\/pages\/2187","targetHints":{"allow":["GET"]}}],"collection":[{"href":"https:\/\/bendalis.com\/en\/wp-json\/wp\/v2\/pages"}],"about":[{"href":"https:\/\/bendalis.com\/en\/wp-json\/wp\/v2\/types\/page"}],"author":[{"embeddable":true,"href":"https:\/\/bendalis.com\/en\/wp-json\/wp\/v2\/users\/3"}],"replies":[{"embeddable":true,"href":"https:\/\/bendalis.com\/en\/wp-json\/wp\/v2\/comments?post=2187"}],"version-history":[{"count":97,"href":"https:\/\/bendalis.com\/en\/wp-json\/wp\/v2\/pages\/2187\/revisions"}],"predecessor-version":[{"id":3039,"href":"https:\/\/bendalis.com\/en\/wp-json\/wp\/v2\/pages\/2187\/revisions\/3039"}],"wp:attachment":[{"href":"https:\/\/bendalis.com\/en\/wp-json\/wp\/v2\/media?parent=2187"}],"curies":[{"name":"wp","href":"https:\/\/api.w.org\/{rel}","templated":true}]}}