{"id":2191,"date":"2025-10-14T09:14:19","date_gmt":"2025-10-14T09:14:19","guid":{"rendered":"http:\/\/draft.bendalis.com\/?page_id=2191"},"modified":"2026-04-30T14:18:13","modified_gmt":"2026-04-30T14:18:13","slug":"products","status":"publish","type":"page","link":"https:\/\/bendalis.com\/en\/produkte\/","title":{"rendered":"Products"},"content":{"rendered":"<div class=\"wp-block-group alignwide has-global-padding is-layout-constrained wp-block-group-is-layout-constrained\">\n<div class=\"wp-block-group alignwide pagehero is-nowrap is-layout-flex wp-container-core-group-is-layout-3cda747d wp-block-group-is-layout-flex\" style=\"padding-top:var(--wp--preset--spacing--medium);padding-bottom:0\">\n<div class=\"wp-block-group has-global-padding is-layout-constrained wp-block-group-is-layout-constrained\">\n<h1 class=\"wp-block-heading\">Products<\/h1>\n\n\n\n<hr class=\"wp-block-separator has-text-color has-main-accent-color has-alpha-channel-opacity has-main-accent-background-color has-background is-style-default\" style=\"margin-top:var(--wp--preset--spacing--small);margin-bottom:var(--wp--preset--spacing--small)\"\/>\n\n\n\n<h2 class=\"wp-block-heading\" style=\"margin-top:0px;margin-bottom:0px;padding-top:0px;padding-bottom:0px;line-height:1.2\">High-quality products and maximum medicine safety.<\/h2>\n<\/div>\n\n\n\n<div class=\"wp-block-group herogrid animated fadeIn has-global-padding is-layout-constrained wp-container-core-group-is-layout-408b0d65 wp-block-group-is-layout-constrained\" style=\"padding-right:0px;padding-left:0px\">\n<div class=\"wp-block-group contImgOne has-global-padding is-layout-constrained wp-block-group-is-layout-constrained\">\n<figure class=\"wp-block-image size-full imgOne\"><img loading=\"lazy\" decoding=\"async\" width=\"1000\" height=\"1000\" src=\"https:\/\/bendalis.com\/site\/wp-content\/uploads\/bendalis_product_portfolio_hero.webp\" alt=\"Bendalis product portfolio\" class=\"wp-image-2599\" srcset=\"https:\/\/bendalis.com\/site\/wp-content\/uploads\/bendalis_product_portfolio_hero.webp 1000w, https:\/\/bendalis.com\/site\/wp-content\/uploads\/bendalis_product_portfolio_hero-300x300.webp 300w, https:\/\/bendalis.com\/site\/wp-content\/uploads\/bendalis_product_portfolio_hero-150x150.webp 150w, https:\/\/bendalis.com\/site\/wp-content\/uploads\/bendalis_product_portfolio_hero-768x768.webp 768w\" sizes=\"auto, (max-width: 1000px) 100vw, 1000px\" \/><\/figure>\n<\/div>\n\n\n\n<figure class=\"wp-block-image size-full imgThree\"><img loading=\"lazy\" decoding=\"async\" width=\"1000\" height=\"1000\" src=\"https:\/\/bendalis.com\/site\/wp-content\/uploads\/bendalis_products_hero.webp\" alt=\"Bendalis product packaging\" class=\"wp-image-2588\" style=\"aspect-ratio:1;object-fit:cover\" srcset=\"https:\/\/bendalis.com\/site\/wp-content\/uploads\/bendalis_products_hero.webp 1000w, https:\/\/bendalis.com\/site\/wp-content\/uploads\/bendalis_products_hero-300x300.webp 300w, https:\/\/bendalis.com\/site\/wp-content\/uploads\/bendalis_products_hero-150x150.webp 150w, https:\/\/bendalis.com\/site\/wp-content\/uploads\/bendalis_products_hero-768x768.webp 768w\" sizes=\"auto, (max-width: 1000px) 100vw, 1000px\" \/><\/figure>\n<\/div>\n<\/div>\n<\/div>\n\n\n\n<div class=\"wp-block-group alignfull firstSectionSmall has-tertiary-background-color has-background is-layout-flow wp-block-group-is-layout-flow\" style=\"margin-top:-300px;margin-bottom:0px\">\n<div class=\"wp-block-group alignfull wavy-divider-remove-margin wavy-divider-remove-padding has-tertiary-background-color has-background is-layout-flow wp-block-group-is-layout-flow\" style=\"margin-top:0;margin-bottom:0;padding-right:0px;padding-left:0px\">\n<div class=\"wp-block-wavy-wavy-divider alignfull has-base-background-color has-background\"><svg fill=\"none\" role=\"separator\" viewbox=\"0 0 100 500\" preserveaspectratio=\"none\" aria-orientation=\"horizontal\" aria-hidden=\"true\" style=\"height:500px;width:100%;display:block\"><path style=\"transition:all .5s ease;opacity:1\" fill=\"var(--wp--preset--color--base)\" d=\"M 0,300 Q 50,500 100,0 V 0 H 0 Z\"><\/path><\/svg><\/div>\n<\/div>\n\n\n\n<div class=\"wp-block-group alignwide section has-tertiary-background-color has-background has-global-padding is-layout-constrained wp-container-core-group-is-layout-6dbe9be8 wp-block-group-is-layout-constrained\" style=\"padding-top:0;padding-bottom:0\">\n<div class=\"wp-block-columns alignwide is-layout-flex wp-container-core-columns-is-layout-fb187c8c wp-block-columns-is-layout-flex\">\n<div class=\"wp-block-column is-vertically-aligned-center is-layout-flow wp-block-column-is-layout-flow\" style=\"flex-basis:100%\">\n<div class=\"wp-block-group has-global-padding is-layout-constrained wp-block-group-is-layout-constrained\">\n<h3 class=\"wp-block-heading has-text-align-left\" style=\"line-height:1.3\">Oncology<\/h3>\n\n\n\n<figure class=\"wp-block-pullquote has-text-align-left has-base-background-color has-background has-base-font-size\" style=\"border-style:none;border-width:0px;border-radius:15px;margin-top:var(--wp--preset--spacing--medium);margin-right:0px;margin-bottom:0px;margin-left:0px;padding-top:1.5rem;padding-right:1.5rem;padding-bottom:1.5rem;padding-left:1.5rem\"><blockquote><p>We have a broad range of established generic oncology products for which we either own the marketing authorisation or we have a distribution licence.<\/p><\/blockquote><\/figure>\n<\/div>\n<\/div>\n\n\n\n<div class=\"wp-block-column is-vertically-aligned-stretch is-layout-flow wp-container-core-column-is-layout-a77db08e wp-block-column-is-layout-flow\" style=\"border-right-color:var(--wp--preset--color--main-accent);border-right-width:2px;flex-basis:2px\"><\/div>\n\n\n\n<div class=\"wp-block-column is-vertically-aligned-center is-layout-flow wp-block-column-is-layout-flow\" style=\"flex-basis:100%\">\n<div class=\"wp-block-group has-global-padding is-layout-constrained wp-block-group-is-layout-constrained\">\n<p>With all these products, we place the highest importance on quality and drug safety. We regularly check all contract manufacturers for compliance with national and international standards (EU GMP Guidelines and FDA standards) before they can be accepted as approved suppliers.<\/p>\n\n\n\n<p>In the interest of consumer protection, the advertising of prescription-only medicines is restricted by the German Medicines Advertising Act. Detailed information may only be made available to members of the medical and pharmaceutical professions.<\/p>\n\n\n\n<div class=\"wp-block-buttons is-layout-flex wp-block-buttons-is-layout-flex\">\n<div class=\"wp-block-button\"><a class=\"wp-block-button__link wp-element-button\" href=\"\/en\/product-login\/\">Log in<\/a><\/div>\n<\/div>\n<\/div>\n<\/div>\n<\/div>\n<\/div>\n\n\n\n<div class=\"wp-block-group alignfull wavy-divider-remove-margin wavy-divider-remove-padding has-tertiary-background-color has-background is-layout-flow wp-block-group-is-layout-flow\" style=\"margin-top:0px;margin-bottom:0px\">\n<div class=\"wp-block-wavy-wavy-divider alignfull has-base-background-color has-background\"><svg fill=\"none\" role=\"separator\" viewbox=\"0 0 100 250\" preserveaspectratio=\"none\" aria-orientation=\"horizontal\" aria-hidden=\"true\" style=\"height:250px;width:100%;display:block\"><path style=\"transition:all .5s ease;opacity:1\" fill=\"var(--wp--preset--color--base)\" d=\"M 0,125 Q 50,10 100,175 V 250 H 0 Z\"><\/path><\/svg><\/div>\n<\/div>\n\n\n\n<div class=\"wp-block-group alignwide sectionWhite has-global-padding is-layout-constrained wp-container-core-group-is-layout-f8866a08 wp-block-group-is-layout-constrained\" style=\"margin-top:0px;margin-bottom:0px\">\n<div class=\"wp-block-group alignfull sectionInner has-base-background-color has-background has-global-padding is-layout-constrained wp-container-core-group-is-layout-4b99461e wp-block-group-is-layout-constrained\">\n<div class=\"wp-block-columns alignwide is-layout-flex wp-container-core-columns-is-layout-e1a2089c wp-block-columns-is-layout-flex\">\n<div class=\"wp-block-column is-vertically-aligned-center is-layout-flow wp-block-column-is-layout-flow\" style=\"flex-basis:100%\">\n<h3 class=\"wp-block-heading alignwide has-text-align-left has-medium-font-size\" style=\"line-height:1.3\">Product Information for Professionals<\/h3>\n\n\n\n<div class=\"wp-block-group is-layout-flow wp-block-group-is-layout-flow\" style=\"margin-bottom:var(--wp--preset--spacing--medium)\">\n<p class=\"has-base-font-size\">You can view and download the product information and instructions for use for our products via the following information portals:<\/p>\n<\/div>\n<\/div>\n\n\n\n<div class=\"wp-block-column is-vertically-aligned-top is-layout-flow wp-container-core-column-is-layout-a77db08e wp-block-column-is-layout-flow\" style=\"border-right-color:var(--wp--preset--color--main-accent);border-right-width:2px;flex-basis:2px\"><\/div>\n\n\n\n<div class=\"wp-block-column is-vertically-aligned-top is-layout-flow wp-container-core-column-is-layout-47e5a185 wp-block-column-is-layout-flow\" style=\"flex-basis:100%\">\n<div class=\"wp-block-group has-tertiary-background-color has-background is-layout-flow wp-container-core-group-is-layout-cd169eec wp-block-group-is-layout-flow\" style=\"border-radius:15px;padding-top:1.5rem;padding-right:1.5rem;padding-bottom:1.5rem;padding-left:1.5rem\">\n<ul style=\"margin-top:0px;margin-bottom:0px;padding-top:0px;padding-bottom:0px;line-height:1\" class=\"wp-block-list is-style-default\">\n<li><a href=\"https:\/\/abdata.de\/\" target=\"_blank\" rel=\"noreferrer noopener\">Abdata<\/a> \u2013 Pharmaceutical Data Service<\/li>\n\n\n\n<li><a href=\"https:\/\/www.gelbe-liste.de\/\" target=\"_blank\" rel=\"noreferrer noopener\">Yellow List<\/a> \u2013 Pharmindex<\/li>\n\n\n\n<li><a href=\"https:\/\/www.ifaffm.de\/\" target=\"_blank\" rel=\"noreferrer noopener\">IFA<\/a> \u2013 Information Centre for Medicinal Specialities<\/li>\n\n\n\n<li><a href=\"https:\/\/www.ifap.de\/\" target=\"_blank\" rel=\"noreferrer noopener\">Ifap<\/a> \u2013 Pharmaceutical database<\/li>\n\n\n\n<li><a href=\"https:\/\/www.sanvartis.de\/\" target=\"_blank\" rel=\"noreferrer noopener\">Sanvartis<\/a> \u2013 Communication service provider in the healthcare sector<\/li>\n<\/ul>\n<\/div>\n\n\n\n<div class=\"wp-block-group has-global-padding is-layout-constrained wp-block-group-is-layout-constrained\" style=\"margin-bottom:0\"><\/div>\n<\/div>\n<\/div>\n<\/div>\n<\/div>\n<\/div>","protected":false},"excerpt":{"rendered":"<p>Produkte Hochwertige Produkte und h\u00f6chste Arzneimittelsicherheit. Onkologie Wir verf\u00fcgen \u00fcber eine breite Palette etablierter Generika-Onkologie-Produkte, f\u00fcr die wir entweder eine eigene Marktzulassung besitzen oder eine Vertriebslizenz besitzen. Bei all diesen Produkten legen wir gr\u00f6\u00dften Wert auf Qualit\u00e4t und Arzneimittelsicherheit. Wir \u00fcberpr\u00fcfen regelm\u00e4\u00dfig alle Vertragshersteller auf \u00dcbereinstimmung mit nationalen und internationalen Standards (EU-GMP-Richtlinien und FDA-Standards), bevor [&hellip;]<\/p>\n","protected":false},"author":3,"featured_media":0,"parent":0,"menu_order":0,"comment_status":"closed","ping_status":"closed","template":"page-no-title","meta":{"_seopress_robots_primary_cat":"","_seopress_titles_title":"","_seopress_titles_desc":"","_seopress_robots_index":"","footnotes":""},"class_list":["post-2191","page","type-page","status-publish","hentry"],"_links":{"self":[{"href":"https:\/\/bendalis.com\/en\/wp-json\/wp\/v2\/pages\/2191","targetHints":{"allow":["GET"]}}],"collection":[{"href":"https:\/\/bendalis.com\/en\/wp-json\/wp\/v2\/pages"}],"about":[{"href":"https:\/\/bendalis.com\/en\/wp-json\/wp\/v2\/types\/page"}],"author":[{"embeddable":true,"href":"https:\/\/bendalis.com\/en\/wp-json\/wp\/v2\/users\/3"}],"replies":[{"embeddable":true,"href":"https:\/\/bendalis.com\/en\/wp-json\/wp\/v2\/comments?post=2191"}],"version-history":[{"count":53,"href":"https:\/\/bendalis.com\/en\/wp-json\/wp\/v2\/pages\/2191\/revisions"}],"predecessor-version":[{"id":3085,"href":"https:\/\/bendalis.com\/en\/wp-json\/wp\/v2\/pages\/2191\/revisions\/3085"}],"wp:attachment":[{"href":"https:\/\/bendalis.com\/en\/wp-json\/wp\/v2\/media?parent=2191"}],"curies":[{"name":"wp","href":"https:\/\/api.w.org\/{rel}","templated":true}]}}